{"id":142,"date":"2020-11-25T08:00:31","date_gmt":"2020-11-25T08:00:31","guid":{"rendered":"http:\/\/35.245.185.200\/?page_id=142"},"modified":"2021-08-20T15:54:30","modified_gmt":"2021-08-20T21:54:30","slug":"nosotros","status":"publish","type":"page","link":"https:\/\/luxelare.com\/en\/nosotros\/","title":{"rendered":"About Us"},"content":{"rendered":"<p>[et_pb_section fb_built=\u00bb1&#8243; _builder_version=\u00bb4.7.4&#8243; _module_preset=\u00bbdefault\u00bb use_background_color_gradient=\u00bbon\u00bb background_color_gradient_start=\u00bbrgba(0,0,0,0.15)\u00bb background_color_gradient_end=\u00bbrgba(0,0,0,0.4)\u00bb background_color_gradient_overlays_image=\u00bbon\u00bb background_image=\u00bbhttps:\/\/luxelare.com\/wp-content\/uploads\/2020\/11\/back-section-gammab.jpg\u00bb parallax=\u00bbon\u00bb parallax_method=\u00bboff\u00bb custom_margin=\u00bb0px||0px||false|false\u00bb custom_padding=\u00bb7%||7%||true|false\u00bb da_disable_devices=\u00bboff|off|off\u00bb da_is_popup=\u00bboff\u00bb da_exit_intent=\u00bboff\u00bb da_has_close=\u00bbon\u00bb da_alt_close=\u00bboff\u00bb da_dark_close=\u00bboff\u00bb da_not_modal=\u00bbon\u00bb da_is_singular=\u00bboff\u00bb da_with_loader=\u00bboff\u00bb da_has_shadow=\u00bbon\u00bb][et_pb_row column_structure=\u00bb1_2,1_2&#8243; make_equal=\u00bbon\u00bb _builder_version=\u00bb4.7.4&#8243; _module_preset=\u00bbdefault\u00bb width=\u00bb75%\u00bb width_tablet=\u00bb\u00bb width_phone=\u00bb90%\u00bb width_last_edited=\u00bbon|phone\u00bb max_width=\u00bb2560px\u00bb module_alignment=\u00bbcenter\u00bb custom_css_main_element=\u00bbalign-items:center;\u00bb][et_pb_column type=\u00bb1_2&#8243; _builder_version=\u00bb4.7.4&#8243; _module_preset=\u00bbdefault\u00bb][et_pb_text _builder_version=\u00bb4.7.4&#8243; _module_preset=\u00bbdefault\u00bb header_2_text_align=\u00bbcenter\u00bb header_2_font_size=\u00bb6vh\u00bb module_alignment=\u00bbcenter\u00bb header_2_font_size_tablet=\u00bb\u00bb header_2_font_size_phone=\u00bb4vh\u00bb header_2_font_size_last_edited=\u00bbon|phone\u00bb]<\/p>\n<h2><span style=\"font-weight:300;\">Technology for a<br \/><\/span>more sustainable<br \/>agriculture<\/h2>\n<p>[\/et_pb_text][\/et_pb_column][et_pb_column type=\u00bb1_2&#8243; _builder_version=\u00bb4.7.4&#8243; _module_preset=\u00bbdefault\u00bb][et_pb_slider show_pagination=\u00bboff\u00bb use_bg_overlay=\u00bboff\u00bb use_text_overlay=\u00bbon\u00bb text_overlay_color=\u00bbrgba(7,120,65,0.75)\u00bb text_border_radius=\u00bb15px\u00bb show_arrows_tablet=\u00bb\u00bb show_arrows_phone=\u00bbon\u00bb show_arrows_last_edited=\u00bbon|phone\u00bb disabled_on=\u00bboff|off|off\u00bb _builder_version=\u00bb4.7.4&#8243; _module_preset=\u00bbdefault\u00bb header_level=\u00bbh3&#8243; header_font=\u00bb|||on|||||\u00bb header_font_size=\u00bb6vh\u00bb background_color=\u00bbrgba(0,0,0,0)\u00bb width_tablet=\u00bb\u00bb width_phone=\u00bb100%\u00bb width_last_edited=\u00bbon|phone\u00bb custom_margin=\u00bb0px||0px||false|false\u00bb custom_padding=\u00bb0px||0px||false|false\u00bb auto=\u00bbon\u00bb][et_pb_slide content_tablet=\u00bb\u00bb content_phone=\u00bb<\/p>\n<h3 style=%22font-size:2.5vh; line-height:1.3em; font-weight:600;%22>What we want<\/h3>\n<h5 style=%22font-size:1.5vh; line-height:1.3em;%22>More accessible and profitable insurance and a more productive agriculture with a low environmental impact<\/h5>\n<p>\u00bb content_last_edited=\u00bbon|phone\u00bb _builder_version=\u00bb4.7.4&#8243; _module_preset=\u00bbdefault\u00bb header_font_size=\u00bb6vh\u00bb sticky_transition=\u00bbon\u00bb]<\/p>\n<h3 style=\"font-size:5vh; line-height:1.3em; font-weight:600;\">What we want<\/h3>\n<h5 style=\"font-size:2.5vh; line-height:1.3em;\">More accessible and profitable insurance and a more productive agriculture with a low environmental impact<\/h5>\n<p>[\/et_pb_slide][et_pb_slide content_tablet=\u00bb\u00bb content_phone=\u00bb<\/p>\n<h3 style=%22font-size:2.5vh; line-height:1.3em; font-weight:600;%22>What we do<\/h3>\n<h5 style=%22font-size:1.5vh; line-height:1.3em;%22>We create technological solutions that have a direct impact on farm profitabil-ity<\/h5>\n<p>\u00bb content_last_edited=\u00bbon|phone\u00bb _builder_version=\u00bb4.7.4&#8243; _module_preset=\u00bbdefault\u00bb header_font_size=\u00bb6vh\u00bb sticky_transition=\u00bbon\u00bb]<\/p>\n<h3 style=\"font-size:5vh; line-height:1.3em; font-weight:600;\">What we do<\/h3>\n<h5 style=\"font-size:2.5vh; line-height:1.3em;\">We create technological solutions that have a direct impact on farm profitabil-ity<\/h5>\n<p>[\/et_pb_slide][et_pb_slide content_tablet=\u00bb\u00bb content_phone=\u00bb<\/p>\n<h3 style=%22font-size:2.5vh; line-height:1.3em; font-weight:600;%22>Where we are going<\/h3>\n<h5 style=%22font-size:1.5vh; line-height:1.3em;%22>Catalyzing the next agricultural revolution in the world by enabling responsi-ble, profitable and accurate agriculture<\/h5>\n<p>\u00bb content_last_edited=\u00bbon|phone\u00bb _builder_version=\u00bb4.7.4&#8243; _module_preset=\u00bbdefault\u00bb header_font_size=\u00bb6vh\u00bb sticky_transition=\u00bbon\u00bb]<\/p>\n<h3 style=\"font-size:5vh; line-height:1.3em; font-weight:600;\">Where we are going<\/h3>\n<h5 style=\"font-size:2.5vh; line-height:1.3em;\">Catalyzing the next agricultural revolution in the world by enabling responsi-ble, profitable and accurate agriculture<\/h5>\n<p>[\/et_pb_slide][\/et_pb_slider][\/et_pb_column][\/et_pb_row][\/et_pb_section][et_pb_section fb_built=\u00bb1&#8243; _builder_version=\u00bb4.7.4&#8243; _module_preset=\u00bbdefault\u00bb background_enable_color=\u00bboff\u00bb background_image=\u00bbhttps:\/\/luxelare.com\/wp-content\/uploads\/2020\/11\/back-section-beta-scaled.jpg\u00bb parallax=\u00bbon\u00bb parallax_method=\u00bboff\u00bb custom_margin=\u00bb0px||0px||false|false\u00bb custom_padding=\u00bb7%||7%||true|false\u00bb da_disable_devices=\u00bboff|off|off\u00bb da_is_popup=\u00bboff\u00bb da_exit_intent=\u00bboff\u00bb da_has_close=\u00bbon\u00bb da_alt_close=\u00bboff\u00bb da_dark_close=\u00bboff\u00bb da_not_modal=\u00bbon\u00bb da_is_singular=\u00bboff\u00bb da_with_loader=\u00bboff\u00bb da_has_shadow=\u00bbon\u00bb][et_pb_row column_structure=\u00bb1_2,1_2&#8243; use_custom_gutter=\u00bbon\u00bb gutter_width=\u00bb4&#8243; make_equal=\u00bbon\u00bb _builder_version=\u00bb4.7.4&#8243; _module_preset=\u00bbdefault\u00bb width=\u00bb60%\u00bb width_tablet=\u00bb\u00bb width_phone=\u00bb85%\u00bb width_last_edited=\u00bbon|phone\u00bb max_width=\u00bb2560px\u00bb module_alignment=\u00bbcenter\u00bb custom_css_main_element=\u00bbalign-items:flex-end;\u00bb][et_pb_column type=\u00bb1_2&#8243; _builder_version=\u00bb4.7.4&#8243; _module_preset=\u00bbdefault\u00bb][et_pb_text _builder_version=\u00bb4.7.4&#8243; _module_preset=\u00bbdefault\u00bb header_2_text_align=\u00bbcenter\u00bb header_2_line_height=\u00bb1.1em\u00bb module_alignment=\u00bbcenter\u00bb header_2_font_size_tablet=\u00bb\u00bb header_2_font_size_phone=\u00bb4vh\u00bb header_2_font_size_last_edited=\u00bbon|phone\u00bb]<\/p>\n<h2><span style=\"font-weight:300;\">We are<br \/>aware of<br \/><\/span>our<br \/>responsibility<\/h2>\n<p>[\/et_pb_text][\/et_pb_column][et_pb_column type=\u00bb1_2&#8243; _builder_version=\u00bb4.7.4&#8243; _module_preset=\u00bbdefault\u00bb][et_pb_text _builder_version=\u00bb4.9.10&#8243; _module_preset=\u00bbdefault\u00bb header_2_text_align=\u00bbcenter\u00bb header_5_font=\u00bb||||||||\u00bb header_5_text_align=\u00bbcenter\u00bb header_5_text_color=\u00bb#ffffff\u00bb header_5_font_size=\u00bb2.5vh\u00bb header_5_line_height=\u00bb1.3em\u00bb]<\/p>\n<h5>Incrementar el n\u00famero de productores que emplean agricultura de conservaci\u00f3n en LATAM.<\/h5>\n<p>&nbsp;<\/p>\n<h5>Reduce unnecessary consumption of agricultural inputs.<\/h5>\n<h5><\/h5>\n<h5>Insurance within the reach of any producer.<\/h5>\n<p>[\/et_pb_text][\/et_pb_column][\/et_pb_row][\/et_pb_section][et_pb_section fb_built=\u00bb1&#8243; _builder_version=\u00bb4.7.4&#8243; _module_preset=\u00bbdefault\u00bb use_background_color_gradient=\u00bbon\u00bb background_color_gradient_start=\u00bbrgba(0,0,0,0.15)\u00bb background_color_gradient_end=\u00bbrgba(0,0,0,0.4)\u00bb background_color_gradient_overlays_image=\u00bbon\u00bb background_image=\u00bbhttps:\/\/luxelare.com\/wp-content\/uploads\/2020\/11\/back-section-delta.jpg\u00bb parallax=\u00bbon\u00bb parallax_method=\u00bboff\u00bb custom_margin=\u00bb0px||0px||false|false\u00bb custom_padding=\u00bb4%||4%||true|false\u00bb background_last_edited=\u00bboff|desktop\u00bb da_disable_devices=\u00bboff|off|off\u00bb da_is_popup=\u00bboff\u00bb da_exit_intent=\u00bboff\u00bb da_has_close=\u00bbon\u00bb da_alt_close=\u00bboff\u00bb da_dark_close=\u00bboff\u00bb da_not_modal=\u00bbon\u00bb da_is_singular=\u00bboff\u00bb da_with_loader=\u00bboff\u00bb da_has_shadow=\u00bbon\u00bb][et_pb_row column_structure=\u00bb1_2,1_2&#8243; _builder_version=\u00bb4.7.4&#8243; _module_preset=\u00bbdefault\u00bb width=\u00bb60%\u00bb width_tablet=\u00bb\u00bb width_phone=\u00bb85%\u00bb width_last_edited=\u00bbon|phone\u00bb max_width=\u00bb2560px\u00bb module_alignment=\u00bbcenter\u00bb][et_pb_column type=\u00bb1_2&#8243; _builder_version=\u00bb4.7.4&#8243; _module_preset=\u00bbdefault\u00bb background_color=\u00bbrgba(7,120,65,0.75)\u00bb custom_padding=\u00bb3%|3%|3%|3%|true|true\u00bb custom_padding_tablet=\u00bb\u00bb custom_padding_phone=\u00bb7%|6%|7%|6%|true|true\u00bb custom_padding_last_edited=\u00bbon|phone\u00bb border_radii=\u00bbon|15px|15px|15px|15px\u00bb][et_pb_image src=\u00bbhttps:\/\/luxelare.com\/wp-content\/uploads\/2020\/11\/Logo_luxelare-empresasb-cert.png\u00bb title_text=\u00bbLogo_luxelare-empresasb-cert\u00bb _builder_version=\u00bb4.7.4&#8243; _module_preset=\u00bbdefault\u00bb width=\u00bb70%\u00bb width_tablet=\u00bb\u00bb width_phone=\u00bb90%\u00bb width_last_edited=\u00bbon|phone\u00bb module_alignment=\u00bbcenter\u00bb][\/et_pb_image][et_pb_text _builder_version=\u00bb4.7.4&#8243; _module_preset=\u00bbdefault\u00bb header_2_text_align=\u00bbcenter\u00bb header_5_font=\u00bb||||||||\u00bb header_5_text_align=\u00bbcenter\u00bb header_5_text_color=\u00bb#ffffff\u00bb header_5_font_size=\u00bb2.5vh\u00bb header_5_line_height=\u00bb1.3em\u00bb module_alignment=\u00bbcenter\u00bb header_2_font_size_tablet=\u00bb\u00bb header_2_font_size_phone=\u00bb4vh\u00bb header_2_font_size_last_edited=\u00bbon|phone\u00bb]<\/p>\n<h5>We seek the well-being of our employees, customers, society and the environ-ment.<\/p>\n<p>Having and renewing our Company B certification helps us to live our principles on a daily basis and leave a positive footprint on the planet.<\/h5>\n<p>[\/et_pb_text][\/et_pb_column][et_pb_column type=\u00bb1_2&#8243; _builder_version=\u00bb4.7.4&#8243; _module_preset=\u00bbdefault\u00bb][\/et_pb_column][\/et_pb_row][\/et_pb_section][et_pb_section fb_built=\u00bb1&#8243; _builder_version=\u00bb4.7.4&#8243; _module_preset=\u00bbdefault\u00bb background_enable_color=\u00bboff\u00bb background_enable_image=\u00bboff\u00bb custom_margin=\u00bb0px||0px||false|false\u00bb custom_padding=\u00bb55px||65px||false|false\u00bb da_disable_devices=\u00bboff|off|off\u00bb da_is_popup=\u00bboff\u00bb da_exit_intent=\u00bboff\u00bb da_has_close=\u00bbon\u00bb da_alt_close=\u00bboff\u00bb da_dark_close=\u00bboff\u00bb da_not_modal=\u00bbon\u00bb da_is_singular=\u00bboff\u00bb da_with_loader=\u00bboff\u00bb da_has_shadow=\u00bbon\u00bb][et_pb_row _builder_version=\u00bb4.7.4&#8243; _module_preset=\u00bbdefault\u00bb width=\u00bb65%\u00bb width_tablet=\u00bb\u00bb width_phone=\u00bb85%\u00bb width_last_edited=\u00bbon|phone\u00bb max_width=\u00bb2560px\u00bb module_alignment=\u00bbcenter\u00bb custom_margin=\u00bb0px||0px||false|false\u00bb custom_padding=\u00bb0px||0px||false|false\u00bb][et_pb_column type=\u00bb4_4&#8243; _builder_version=\u00bb4.7.4&#8243; _module_preset=\u00bbdefault\u00bb][et_pb_text _builder_version=\u00bb4.7.4&#8243; _module_preset=\u00bbdefault\u00bb header_2_text_align=\u00bbcenter\u00bb header_2_text_color=\u00bb#606060&#8243; text_orientation=\u00bbcenter\u00bb custom_margin=\u00bb0px||3%||false|false\u00bb custom_margin_tablet=\u00bb\u00bb custom_margin_phone=\u00bb0px||7%||false|false\u00bb custom_margin_last_edited=\u00bbon|phone\u00bb custom_padding=\u00bb0px||0px||false|false\u00bb header_2_font_size_tablet=\u00bb\u00bb header_2_font_size_phone=\u00bb4vh\u00bb header_2_font_size_last_edited=\u00bbon|phone\u00bb]<\/p>\n<h2>We are recognized<\/h2>\n<p>[\/et_pb_text][\/et_pb_column][\/et_pb_row][et_pb_row column_structure=\u00bb1_3,1_3,1_3&#8243; use_custom_gutter=\u00bbon\u00bb gutter_width=\u00bb4&#8243; make_equal=\u00bbon\u00bb _builder_version=\u00bb4.7.4&#8243; _module_preset=\u00bbdefault\u00bb width=\u00bb65%\u00bb width_tablet=\u00bb\u00bb width_phone=\u00bb85%\u00bb width_last_edited=\u00bbon|phone\u00bb max_width=\u00bb2560px\u00bb module_alignment=\u00bbcenter\u00bb custom_margin=\u00bb0px||0px||false|false\u00bb custom_padding=\u00bb0px||0px||false|false\u00bb custom_css_main_element=\u00bbalign-items:baseline;\u00bb][et_pb_column type=\u00bb1_3&#8243; _builder_version=\u00bb4.7.4&#8243; _module_preset=\u00bbdefault\u00bb link_option_url=\u00bbhttps:\/\/www.milenio.com\/milenio-foros\/agricultores-deben-modernizar-sus-practicas-para-crecer\u00bb link_option_url_new_window=\u00bbon\u00bb transform_styles__hover_enabled=\u00bbon|hover\u00bb transform_scale__hover_enabled=\u00bbon|hover\u00bb transform_translate__hover_enabled=\u00bbon|desktop\u00bb transform_rotate__hover_enabled=\u00bbon|desktop\u00bb transform_skew__hover_enabled=\u00bbon|desktop\u00bb transform_origin__hover_enabled=\u00bbon|desktop\u00bb transform_scale__hover=\u00bb103%|103%\u00bb][et_pb_image src=\u00bbhttps:\/\/luxelare.com\/wp-content\/uploads\/2020\/11\/wayra.jpg\u00bb alt=\u00bblogo_wayra\u00bb title_text=\u00bbwayra\u00bb align=\u00bbcenter\u00bb _builder_version=\u00bb4.7.4&#8243; _module_preset=\u00bbdefault\u00bb width=\u00bb55%\u00bb custom_margin=\u00bb0px||0px||false|false\u00bb custom_padding=\u00bb0px||0px||false|false\u00bb][\/et_pb_image][et_pb_text _builder_version=\u00bb4.7.4&#8243; _module_preset=\u00bbdefault\u00bb header_2_text_align=\u00bbcenter\u00bb header_2_text_color=\u00bb#606060&#8243; text_orientation=\u00bbcenter\u00bb custom_margin=\u00bb25px||0px||false|false\u00bb custom_padding=\u00bb0px||0px||false|false\u00bb]Pertenecemos a la 5ta generaci\u00f3n de la aceleradora Wayra-Telefonica, M\u00e9xico.[\/et_pb_text][\/et_pb_column][et_pb_column type=\u00bb1_3&#8243; _builder_version=\u00bb4.7.4&#8243; _module_preset=\u00bbdefault\u00bb link_option_url=\u00bbhttps:\/\/issuu.com\/tecreview\/docs\/tec_review-30&#8243; link_option_url_new_window=\u00bbon\u00bb transform_styles__hover_enabled=\u00bbon|hover\u00bb transform_scale__hover_enabled=\u00bbon|hover\u00bb transform_translate__hover_enabled=\u00bbon|desktop\u00bb transform_rotate__hover_enabled=\u00bbon|desktop\u00bb transform_skew__hover_enabled=\u00bbon|desktop\u00bb transform_origin__hover_enabled=\u00bbon|desktop\u00bb transform_scale__hover=\u00bb103%|103%\u00bb][et_pb_image src=\u00bbhttps:\/\/luxelare.com\/wp-content\/uploads\/2020\/11\/logo-finnosummit.png\u00bb alt=\u00bblogo_finnosummit\u00bb title_text=\u00bblogo-finnosummit\u00bb align=\u00bbcenter\u00bb _builder_version=\u00bb4.7.4&#8243; _module_preset=\u00bbdefault\u00bb width=\u00bb50%\u00bb custom_margin=\u00bb0px||0px||false|false\u00bb custom_padding=\u00bb0px||0px||false|false\u00bb][\/et_pb_image][et_pb_text _builder_version=\u00bb4.7.4&#8243; _module_preset=\u00bbdefault\u00bb header_2_text_align=\u00bbcenter\u00bb header_2_text_color=\u00bb#606060&#8243; text_orientation=\u00bbcenter\u00bb custom_margin=\u00bb25px||0px||false|false\u00bb custom_padding=\u00bb0px||0px||false|false\u00bb]Fuimos seleccionados entre 93 empresas para el SAP-Endeavor SaaS Selection 2019, y fuimos finalista en el FinnoSummit 2019.[\/et_pb_text][\/et_pb_column][et_pb_column type=\u00bb1_3&#8243; _builder_version=\u00bb4.7.4&#8243; _module_preset=\u00bbdefault\u00bb link_option_url=\u00bbhttps:\/\/www.elsoldemexico.com.mx\/finanzas\/disruptores-luxelare-la-app-que-cuida-la-salud-de-los-cultivos-emprendedores-tecnologia-sector-agricola-5678634.html\u00bb link_option_url_new_window=\u00bbon\u00bb transform_styles__hover_enabled=\u00bbon|hover\u00bb transform_scale__hover_enabled=\u00bbon|hover\u00bb transform_translate__hover_enabled=\u00bbon|desktop\u00bb transform_rotate__hover_enabled=\u00bbon|desktop\u00bb transform_skew__hover_enabled=\u00bbon|desktop\u00bb transform_origin__hover_enabled=\u00bbon|desktop\u00bb transform_scale__hover=\u00bb103%|103%\u00bb][et_pb_image src=\u00bbhttps:\/\/luxelare.com\/wp-content\/uploads\/2020\/11\/LOGO-tec-review-NEGRO.png\u00bb alt=\u00bblogo_techreview\u00bb title_text=\u00bbLOGO-tec-review-NEGRO\u00bb align=\u00bbcenter\u00bb _builder_version=\u00bb4.7.4&#8243; _module_preset=\u00bbdefault\u00bb width=\u00bb55%\u00bb custom_margin=\u00bb0px||0px||false|false\u00bb custom_padding=\u00bb0px||0px||false|false\u00bb][\/et_pb_image][et_pb_text _builder_version=\u00bb4.7.4&#8243; _module_preset=\u00bbdefault\u00bb header_2_text_align=\u00bbcenter\u00bb header_2_text_color=\u00bb#606060&#8243; text_orientation=\u00bbcenter\u00bb custom_margin=\u00bb25px||0px||false|false\u00bb custom_padding=\u00bb0px||0px||false|false\u00bb]TecReview\/Grupo Expansi\u00f3n seleccion\u00f3 Luxelare como una de las 19 empresas m\u00e1s innovadoras en Mexico en Innovadores 2020.[\/et_pb_text][\/et_pb_column][\/et_pb_row][et_pb_row _builder_version=\u00bb4.7.4&#8243; _module_preset=\u00bbdefault\u00bb width=\u00bb65%\u00bb width_tablet=\u00bb\u00bb width_phone=\u00bb85%\u00bb width_last_edited=\u00bbon|phone\u00bb max_width=\u00bb2560px\u00bb module_alignment=\u00bbcenter\u00bb custom_margin=\u00bb3.5%|auto|0px|auto|false|false\u00bb custom_padding=\u00bb0px||0px||false|false\u00bb][et_pb_column type=\u00bb4_4&#8243; _builder_version=\u00bb4.7.4&#8243; _module_preset=\u00bbdefault\u00bb][et_pb_text _builder_version=\u00bb4.7.4&#8243; _module_preset=\u00bbdefault\u00bb header_2_text_align=\u00bbcenter\u00bb header_2_text_color=\u00bb#606060&#8243; header_4_font=\u00bb|700||on|||||\u00bb header_4_text_color=\u00bb#606060&#8243; header_4_font_size=\u00bb2.3vh\u00bb text_orientation=\u00bbcenter\u00bb custom_margin=\u00bb0px||0px||false|false\u00bb custom_padding=\u00bb0px||0px||false|false\u00bb header_4_font_size_tablet=\u00bb\u00bb header_4_font_size_phone=\u00bb1.5vh\u00bb header_4_font_size_last_edited=\u00bbon|phone\u00bb]<\/p>\n<h4>We address global issues<br \/>en el agro empezando desde nuestra casa: AM\u00c9RICA LATINA<\/h4>\n<p>[\/et_pb_text][\/et_pb_column][\/et_pb_row][\/et_pb_section]<\/p>","protected":false},"excerpt":{"rendered":"<p>Tecnolog\u00eda parauna agriculturam\u00e1s sustentable \u00bfQu\u00e9 queremos? Seguros m\u00e1s accesibles y rentables y una agricultura m\u00e1s productiva con bajo impacto ambiental \u00bfQu\u00e9 hacemos? Creamos soluciones tecnol\u00f3gicas que impactan directamente en la rentabilidad del campo. \u00bfA d\u00f3nde vamos? Catalizar la siguiente revoluci\u00f3n agr\u00edcola en el mundo habilitando una agricultura responsable, rentable y certera. Somosconscientesde nuestraresponsabilidad Incrementar el [&hellip;]<\/p>","protected":false},"author":1,"featured_media":0,"parent":0,"menu_order":0,"comment_status":"closed","ping_status":"closed","template":"","meta":{"_et_pb_use_builder":"on","_et_pb_old_content":"","_et_gb_content_width":"","_monsterinsights_skip_tracking":false,"_monsterinsights_sitenote_active":false,"_monsterinsights_sitenote_note":"","_monsterinsights_sitenote_category":0},"uagb_featured_image_src":{"full":false,"thumbnail":false,"medium":false,"medium_large":false,"large":false,"1536x1536":false,"2048x2048":false,"trp-custom-language-flag":false,"et-pb-post-main-image":false,"et-pb-post-main-image-fullwidth":false,"et-pb-portfolio-image":false,"et-pb-portfolio-module-image":false,"et-pb-portfolio-image-single":false,"et-pb-gallery-module-image-portrait":false,"et-pb-post-main-image-fullwidth-large":false,"et-pb-image--responsive--desktop":false,"et-pb-image--responsive--tablet":false,"et-pb-image--responsive--phone":false},"uagb_author_info":{"display_name":"luo","author_link":"https:\/\/luxelare.com\/en\/author\/luo\/"},"uagb_comment_info":0,"uagb_excerpt":"Tecnolog\u00eda parauna agriculturam\u00e1s sustentable \u00bfQu\u00e9 queremos? Seguros m\u00e1s accesibles y rentables y una agricultura m\u00e1s productiva con bajo impacto ambiental \u00bfQu\u00e9 hacemos? Creamos soluciones tecnol\u00f3gicas que impactan directamente en la rentabilidad del campo. \u00bfA d\u00f3nde vamos? Catalizar la siguiente revoluci\u00f3n agr\u00edcola en el mundo habilitando una agricultura responsable, rentable y certera. Somosconscientesde nuestraresponsabilidad Incrementar el&hellip;","_links":{"self":[{"href":"https:\/\/luxelare.com\/en\/wp-json\/wp\/v2\/pages\/142"}],"collection":[{"href":"https:\/\/luxelare.com\/en\/wp-json\/wp\/v2\/pages"}],"about":[{"href":"https:\/\/luxelare.com\/en\/wp-json\/wp\/v2\/types\/page"}],"author":[{"embeddable":true,"href":"https:\/\/luxelare.com\/en\/wp-json\/wp\/v2\/users\/1"}],"replies":[{"embeddable":true,"href":"https:\/\/luxelare.com\/en\/wp-json\/wp\/v2\/comments?post=142"}],"version-history":[{"count":44,"href":"https:\/\/luxelare.com\/en\/wp-json\/wp\/v2\/pages\/142\/revisions"}],"predecessor-version":[{"id":1427,"href":"https:\/\/luxelare.com\/en\/wp-json\/wp\/v2\/pages\/142\/revisions\/1427"}],"wp:attachment":[{"href":"https:\/\/luxelare.com\/en\/wp-json\/wp\/v2\/media?parent=142"}],"curies":[{"name":"wp","href":"https:\/\/api.w.org\/{rel}","templated":true}]}}