{"id":1440,"date":"2025-03-19T12:29:14","date_gmt":"2025-03-19T19:29:14","guid":{"rendered":"https:\/\/luxelare.com\/?page_id=1440"},"modified":"2025-03-21T14:55:56","modified_gmt":"2025-03-21T21:55:56","slug":"terminos-y-condiciones","status":"publish","type":"page","link":"https:\/\/luxelare.com\/en\/terminos-y-condiciones\/","title":{"rendered":"Terminos y condiciones"},"content":{"rendered":"<p>[et_pb_section fb_built=\u00bb1&#8243; _builder_version=\u00bb4.7.4&#8243; _module_preset=\u00bbdefault\u00bb da_disable_devices=\u00bboff|off|off\u00bb da_is_popup=\u00bboff\u00bb da_exit_intent=\u00bboff\u00bb da_has_close=\u00bbon\u00bb da_alt_close=\u00bboff\u00bb da_dark_close=\u00bboff\u00bb da_not_modal=\u00bbon\u00bb da_is_singular=\u00bboff\u00bb da_with_loader=\u00bboff\u00bb da_has_shadow=\u00bbon\u00bb][et_pb_row _builder_version=\u00bb4.7.4&#8243; _module_preset=\u00bbdefault\u00bb][et_pb_column type=\u00bb4_4&#8243; _builder_version=\u00bb4.7.4&#8243; _module_preset=\u00bbdefault\u00bb][et_pb_text _builder_version=\u00bb4.9.10&#8243; _module_preset=\u00bbdefault\u00bb header_font_size=\u00bb22px\u00bb header_line_height=\u00bb1.5em\u00bb header_5_font=\u00bb|||on|||||\u00bb header_5_text_align=\u00bbcenter\u00bb header_5_font_size=\u00bb3vh\u00bb header_5_line_height=\u00bb1.5em\u00bb hover_enabled=\u00bb0&#8243; sticky_enabled=\u00bb0&#8243;]<\/p>\n<h1 style=\"text-align: center;\"><b>T\u00e9rminos y Condiciones Adicionales para la membres\u00eda \u00abAgroblindaje\u00bb<\/b><\/h1>\n<p><b><\/b><\/p>\n<p><b>1. Qui\u00e9n es qui\u00e9n<\/b><\/p>\n<p><span style=\"font-weight: 400;\">\u201cUsted\u201d o seg\u00fan se utilice cualquier adjetivo posesivo para referirse a Usted, tal como \u2018Su\u2019 o \u2018Sus\u2019, significa cualquier persona f\u00edsica o moral que utilice, tenga acceso a una cuenta de Luxelare o contrate nuestros Servicios a trav\u00e9s de la P\u00e1gina, agentes de Luxelare (incluyendo a trav\u00e9s de embajadoras), o por cualquier otro medio, salvo que se acuerde expresamente la exclusi\u00f3n o restricci\u00f3n en cuanto a la aplicabilidad de este Acuerdo. Si usa o contrata nuestros Servicios en representaci\u00f3n de otra persona f\u00edsica o moral, declara y garantiza que se encuentra autorizado y facultado para aceptar el Acuerdo en representaci\u00f3n de esa persona f\u00edsica o moral, que al usar o contratar nuestros Servicios est\u00e1 aceptando el Acuerdo en representaci\u00f3n de esa persona f\u00edsica o moral, y que si Usted, o esa persona f\u00edsica o moral, viola el Acuerdo, Usted y dicha persona o entidad acuerdan que ser\u00e1n responsables ante Nosotros (seg\u00fan dicho t\u00e9rmino se define m\u00e1s adelante). Adicionalmente a la representaci\u00f3n se\u00f1alada anteriormente y en caso de que solamente contrate Nuestros Servicios en beneficio de un tercero, se compromete a hacer sabedor a quien utilice los Servicios del contenido, alcance y particularidades de este Acuerdo.<\/span><\/p>\n<p>&nbsp;<\/p>\n<p><span style=\"font-weight: 400;\">Ofelia Tech S.A.P.I. de C.V. (\u201cLuxelare\u201d o \u201cNosotros\u201d, incluyendo el caso de que se utilice cualquier adjetivo posesivo como \u2018Nuestro\u2019), comercialmente conocida como Luxelare, es una sociedad mercantil debidamente constituida de conformidad con las leyes de los Estados Unidos Mexicanos (\u201cM\u00e9xico\u201d), que cuenta con domicilio en Monte Caucaso 915, Despacho 302, Lomas de Chapultepec, Miguel Hidalgo, Ciudad de Mexico, CP 11000, M\u00e9xico y tel\u00e9fonos de contacto seg\u00fan se se\u00f1alan en la P\u00e1gina y que cuenta con RFC: OTE240227D23<\/span><\/p>\n<p><b><\/b><\/p>\n<p><b>2. Edad m\u00ednima<\/b><\/p>\n<p><span style=\"font-weight: 400;\">Puede utilizar nuestros Servicios solo si puede formalizar legalmente un contrato vinculante con nosotros. En otras palabras, si es menor de 18 a\u00f1os (o la mayor\u00eda de edad legal donde viva), solo puede usar nuestros Servicios bajo la supervisi\u00f3n de un padre o tutor legal que acepte el Acuerdo. Si se registra como usuario o utiliza nuestros Servicios, declara que tiene al menos 18 a\u00f1os.<\/span><\/p>\n<p><b><\/b><\/p>\n<p><b>3. Servicio del Extensionismo Digital (CDE)\u00a0<\/b><\/p>\n<p><span style=\"font-weight: 400;\">Estos t\u00e9rminos del Servicio del Extensionismo Digital CDE (estos \u201cT\u00e9rminos de CDE\u201d), establecen los t\u00e9rminos y condiciones bajo los cuales Luxelare, acepta proporcionarle a Usted los servicios que proporciona directamente Luxelare, con motivo y en virtud de los Servicios que se se\u00f1alan en la P\u00e1gina (dichos servicios que preste directamente Luxelare, los \u201cServicios de Asistencia T\u00e9cnica\u201d).<\/span><\/p>\n<p>&nbsp;<\/p>\n<p><span style=\"font-weight: 400;\">Para que los Servicio del Extensionismo Digital CDE conforme al presente sean posibles, Usted realizar\u00e1 una instrucci\u00f3n (la \u201cInstrucci\u00f3n del Servicio del Extensionismo Digital CDE\u201d) que consistir\u00e1 en el se\u00f1alamiento por cualquier v\u00eda de comunicaci\u00f3n, que requiere apoyo de Luxelare en relaci\u00f3n con cualquiera de los Servicios, espec\u00edficamente los se\u00f1alados en la P\u00e1gina y contratados por Usted. Por lo anterior, Luxelare limitar\u00e1 su actuar a dicha Instrucci\u00f3n del Servicio del Extensionismo Digital CDE, siempre y cuando dicha Instrucci\u00f3n del Servicio del Extensionismo Digital CDE sea con motivo de los Servicios se\u00f1alados en la P\u00e1gina y contratados por Usted de tiempo en tiempo.<\/span><\/p>\n<p>&nbsp;<\/p>\n<p><span style=\"font-weight: 400;\">Luxelare reconoce que en ocasiones es posible que requiera de un asesor Luxelare para apoyarlo con las solicitudes de informaci\u00f3n respecto a los Servicios. Luxelare prestar\u00e1 dicho servicio a cualquiera que contrate cualquiera de los Servicios y dicha persona o el Tercero Beneficiario ser\u00e1 apoyado bajo los mejores est\u00e1ndares de la industria de servicio al cliente.La Instrucci\u00f3n del Servicio del Extensionismo Digital CDE se limitar\u00e1 en todo momento al servicio de gestor\u00eda en relaci\u00f3n con los Servicios (incluyendo Servicios de Terceros).\u00a0<\/span><\/p>\n<p>&nbsp;<\/p>\n<p><span style=\"font-weight: 400;\">Esta secci\u00f3n se aplicar\u00e1 en la medida de lo posible, siempre considerando la aplicabilidad de la secci\u00f3n siguiente denominada \u201cAclaraciones Respecto a los Servicios\u201d.<\/span><\/p>\n<p><b><\/b><\/p>\n<p><b>4. Aclaraciones respecto a los Servicios<\/b><\/p>\n<p><b>4.1. Servicios de Terceros<\/b><\/p>\n<p><span style=\"font-weight: 400;\">Los Servicios, en ocasiones son prestados directamente por un tercero (los \u201cServicios de Terceros\u201d), y Luxelare funge \u00fanicamente como intermediario, colocador, o revendedor entre uno o varios oferentes de los Servicios y uno o varios receptores de los Servicios (Usted), por lo que Luxelare no presta dichos Servicios, si no dichos Servicios son prestados por los oferentes. En dicho supuesto al tercero distinto a Luxelare que presta o se encuentra obligado a prestar los Servicios de Terceros, se le denominar\u00e1 el \u201cSocio Tercero\u201d y dicho Socio Tercero sustenta su relaci\u00f3n con Luxelare a trav\u00e9s de cualquier contrato o acuerdo que sea aplicable.<\/span><\/p>\n<p>&nbsp;<\/p>\n<p><span style=\"font-weight: 400;\">Si utiliza alg\u00fan Servicio de Terceros, comprende y acuerda expresamente que: Los Servicios de Terceros no est\u00e1n examinados, respaldados ni controlados por Nosotros. Cualquier uso de cualesquier Servicios de Terceros es bajo su propio riesgo y no seremos responsables ante nadie por los Servicios de Terceros.<\/span><\/p>\n<p>&nbsp;<\/p>\n<p><span style=\"font-weight: 400;\">La relaci\u00f3n jur\u00eddica derivada de los productos o servicios es \u00fanicamente entre Usted y el Socio Tercero y se rige por los t\u00e9rminos y pol\u00edticas del tercero que sean aplicables a los Servicios (aun y cuando no se haga referencia expresa a los Servicios de Luxelare en dichos t\u00e9rminos y pol\u00edticas aplicables).<\/span><\/p>\n<p>&nbsp;<\/p>\n<p><span style=\"font-weight: 400;\">No obstante lo anterior y con fines de exhaustividad, se aclara que Luxelare es una entidad independiente de los servicios de las instituciones de cr\u00e9dito y aseguradoras, y otros Servicios de Terceros que sean aplicables, por lo que Luxelare no es responsable: (i) por la calidad ni estado de los productos y servicios prestados por los Socios Terceros; ni (ii) por el uso que las instituciones de cr\u00e9dito, aseguradoras y otros Socios Terceros hagan de la informaci\u00f3n que Usted nos entregue o entregue a las mismas, tales como tarjetas de cr\u00e9dito o d\u00e9bito. Si tiene preguntas o inquietudes sobre c\u00f3mo funciona un Servicio de Terceros o necesita asistencia, podr\u00e1 buscar en primera instancia resolverlo con nosotros, pero en el entendido de que \u00fanicamente actuaremos como facilitador, pero quien toma la decisi\u00f3n al respecto de dichos Servicios de Terceros, son dichos Socios Terceros, por lo que deber\u00e1 resolverlo directamente con los Socios Terceros.<\/span><\/p>\n<p><b><\/b><\/p>\n<p><b>4.2. Uso de Sus Datos Personales por los Socios Terceros<\/b><\/p>\n<p><span style=\"font-weight: 400;\">Si utiliza los Servicios de Terceros, se les dar\u00e1 el tratamiento y transmisi\u00f3n a algunos de Sus datos personales de conformidad con los t\u00e9rminos y condiciones, el aviso de privacidad y otras pol\u00edticas de los Socios Terceros, y a su vez, aquellos que se encuentran en la P\u00e1gina, los cuales deber\u00e1 revisar Usted cuidadosamente antes de usar cualquier Servicio de Terceros.<\/span><\/p>\n<p>&nbsp;<\/p>\n<p><span style=\"font-weight: 400;\">Por lo anterior Usted autoriza expresamente al tratamiento de sus datos personales en el marco y de conformidad con lo se\u00f1alado en Nuestro aviso de privacidad.<\/span><\/p>\n<p><b><\/b><\/p>\n<p><b>4.3. Apoyo por parte de Luxelare en virtud de Servicios de Terceros<\/b><b><i>\u00a0<\/i><\/b><\/p>\n<p><span style=\"font-weight: 400;\">No obstante no somos responsables, se buscar\u00e1 ayudar a dar claridad o apoyo en caso que se requiera hacer alg\u00fan tipo de reclamaci\u00f3n informal con motivo de los Servicios de Terceros. En ning\u00fan momento dichas acciones se interpretar\u00e1n como alg\u00fan tipo de relaci\u00f3n distinta a la de intermediario, por lo que Usted acuerda por medio del presente que en relaci\u00f3n con los Servicios, cuando sean o deban ser prestados por un Socio Tercero, Luxelare no tendr\u00e1 responsabilidad alguna por los actos u omisiones de dicho Socio Tercero.<\/span><\/p>\n<p><b><\/b><\/p>\n<p><b>4.4. Aceptaci\u00f3n Adicional\u00a0<\/b><\/p>\n<p><span style=\"font-weight: 400;\">No obstante lo anterior, el uso de nuestra P\u00e1gina o de nuestra plataforma Captum implican la aceptaci\u00f3n de que cumplir\u00e1 con dichos otros t\u00e9rminos y condiciones de los Socios Terceros, seg\u00fan se permita conforme a la legislaci\u00f3n aplicable.<\/span><\/p>\n<p><b><\/b><\/p>\n<p><b>4.5. Detalle de Socios Terceros<\/b><\/p>\n<p><span style=\"font-weight: 400;\">Con fines de exhaustividad, hacemos de su conocimiento que entre los Socios Terceros se encuentra Grupo Nacional Provincial S.A.B., (\u201cGNP\u201d)<\/span><\/p>\n<p>&nbsp;<\/p>\n<p><span style=\"font-weight: 400;\">El detalle de los Servicios de Terceros que se se\u00f1alan en las Secciones denominadas Servicios GNP a continuaci\u00f3n, ser\u00e1n con fines informativos, y regir\u00e1n los t\u00e9rminos de los Socios Terceros que sean aplicables, por lo que en caso de que el Socio Tercero modifique dichos t\u00e9rminos, Luxelare no se hace responsable por la informaci\u00f3n se\u00f1alada en el presente y prevalecer\u00e1n aquellos sobre estos.\u00a0<\/span><\/p>\n<p><b><\/b><\/p>\n<p><b>4.6. Servicios GNP<\/b><\/p>\n<p><span style=\"font-weight: 400;\">El seguro agr\u00edcola parametrico y parametrizado. Dichos Servicios GNP ser\u00e1n aplicables a los suscriptores de Planes de Servicios que correspondan de tiempo en tiempo, cuando el beneficiario hizo el registro de su parcela en la plataforma Captum y el cultivo elegido.\u00a0<\/span><\/p>\n<p><b><\/b><\/p>\n<p><b>4.7. Certificado respecto a los Servicios<\/b><\/p>\n<p><span style=\"font-weight: 400;\">Luxelare podr\u00e1 enviarle a Usted, de manera posterior a su suscripci\u00f3n de cualquiera de los Servicios, un mensaje de datos en el que se establecer\u00e1n los beneficios a los cuales es acreedor Usted con motivo de la suscripci\u00f3n al Servicio que sea aplicable, en el que se podr\u00e1n establecer la vigencia de los mismos, y el n\u00famero de p\u00f3liza que sea aplicable, entre otros.<\/span><\/p>\n<p><b><\/b><\/p>\n<p><b>4.8. Uso por parte de Usted de sitios web de los Socios Terceros<\/b><\/p>\n<p><span style=\"font-weight: 400;\">Adicionalmente a lo anterior, no somos responsables de ning\u00fan uso o efectos del contenido de sitios web de los Socios Terceros. Por lo mismo, sin que dicho listado tenga la calidad de exhaustivo:<\/span><\/p>\n<p>&nbsp;<\/p>\n<p><span style=\"font-weight: 400;\">a) No tenemos ning\u00fan control sobre los sitios web de los Socios Terceros.<\/span><\/p>\n<p>&nbsp;<\/p>\n<p><span style=\"font-weight: 400;\">b) Un enlace hacia o desde uno de nuestros Servicios no representa ni implica que respaldemos ning\u00fan sitio web de terceros, por lo que Usted debe revisar cada uno de los t\u00e9rminos y condiciones que sean aplicables.<\/span><\/p>\n<p>&nbsp;<\/p>\n<p><span style=\"font-weight: 400;\">c) No respaldamos ning\u00fan contenido ni declaramos que el contenido sea preciso, \u00fatil o que se encuentra actualizado.<\/span><\/p>\n<p>&nbsp;<\/p>\n<p><span style=\"font-weight: 400;\">d) Usted es responsable de tomar las precauciones necesarias para protegerse a s\u00ed mismo y a sus sistemas inform\u00e1ticos de virus, gusanos, troyanos y otros contenidos da\u00f1inos o destructivos.<\/span><\/p>\n<p><b><\/b><\/p>\n<p><b>5. Tarifas, pago y renovaci\u00f3n<\/b><\/p>\n<p><b>5.1. Tarifas por Planes de Servicios<\/b><\/p>\n<p><span style=\"font-weight: 400;\">Los Servicios se encuentran detallados en la P\u00e1gina y com\u00fanmente se ofrecen como planes de servicios o simples servicios. Usted deber\u00e1 estar suscrito a alguno de dichos planes de servicios u otros servicios. Al utilizar un Plan de Servicio, acepta pagar las tarifas especificadas. El Plan de Servicio elegido es \u00fanica y no se renueve.<\/span><\/p>\n<p><b><\/b><\/p>\n<p><b>5.2. Impuestos<\/b><\/p>\n<p><span style=\"font-weight: 400;\">En la medida en que lo permita la legislaci\u00f3n, o a menos que se indique expl\u00edcitamente lo contrario, todas las tarifas incluyen el impuesto al valor agregado, u otros impuestos que se puedan trasladar que sean aplicables (los \u201cImpuestos\u201d). No obstante lo anterior, Usted es responsable de pagar todos los impuestos aplicables relacionados con el uso de nuestros Servicios o con sus pagos, seg\u00fan sean aplicables conforme a la legislaci\u00f3n fiscal vigente. Si estamos obligados a pagar o cobrar impuestos sobre las tarifas que ha pagado o pagar\u00e1, Usted es responsable de esos impuestos y, por la presente, autoriza expresamente a Luxelare a cobrar o retener el pago, seg\u00fan corresponda.Cuando sea, Usted podr\u00e1 solicitar una factura conforme a la legislaci\u00f3n fiscal aplicable y vigente, la cual deber\u00e1 ser emitida tan pronto sea posible tras la realizaci\u00f3n del pago que sea aplicable a Usted.<\/span><\/p>\n<p><b><\/b><\/p>\n<p><b>5.3. Pago\u00a0<\/b><\/p>\n<p><span style=\"font-weight: 400;\">Si su pago falla, los Planes de Servicios no se pagan o no se pagan a tiempo, o si sospechamos que un pago es fraudulento, podemos cancelar o revocar su acceso a los Planes de Servicios de inmediato y sin notificaci\u00f3n previa.Una vez realizado el pago, se enviar\u00e1 el comprobante de pago correspondiente al correo electr\u00f3nico registrado.<\/span><\/p>\n<p><b><\/b><\/p>\n<p><b>5.4. Tarifas y Cambios<\/b><\/p>\n<p><span style=\"font-weight: 400;\">Podemos cambiar nuestras tarifas y formas de pago en cualquier momento de acuerdo con este Acuerdo y conforme a los requisitos de la legislaci\u00f3n aplicable, siendo aplicable a los pagos realizados por Usted. Esto significa que podemos cambiar nuestras tarifas en el futuro, comenzar a cobrar tarifas por Servicios que anteriormente eran gratuitos o eliminar o actualizar caracter\u00edsticas o funciones que se inclu\u00edan anteriormente en las tarifas. Si no est\u00e1 de acuerdo con los cambios, debe cancelar su Plan de Servicio.<\/span><\/p>\n<p><b><\/b><\/p>\n<p><b>5.5. Reembolsos<\/b><\/p>\n<p><span style=\"font-weight: 400;\">Por regla general no existen reembolsos y todos los pagos son definitivos. No obstante la pol\u00edtica de no reembolsos, cualquier asunto de esta \u00edndole podr\u00e1 recibirla el equipo de servicio al cliente, pudiendo existir la posibilidad de un reembolso si as\u00ed lo exige la legislaci\u00f3n.<\/span><\/p>\n<p><b><\/b><\/p>\n<p><b>5.6. Tarifas pagadas en sitios web de terceros<\/b><\/p>\n<p><span style=\"font-weight: 400;\">Si compra art\u00edculos o suscripciones en un sitio web distinto a la P\u00e1gina, est\u00e1 realizando la compra directamente al propietario del sitio web, y dicho propietario es el \u00fanico responsable de los art\u00edculos o servicios vendidos. Comun\u00edquese con el propietario del sitio web si tiene alguna pregunta o queja. Por lo anterior, no somos responsables de reembolsar las tarifas pagadas al propietario de un sitio web de terceros en virtud de que dichas transacciones son entre los propietarios de dicho sitio web y Usted. Si desea solicitar un reembolso, comun\u00edquese con el propietario de dicho sitio web.<\/span><\/p>\n<p><b><\/b><\/p>\n<p><b>6. Declaraciones y garant\u00edas generales<\/b><\/p>\n<p><span style=\"font-weight: 400;\">Usted declara y garantiza que:<\/span><\/p>\n<p>&nbsp;<\/p>\n<p><span style=\"font-weight: 400;\">a) Su uso de nuestros Servicios estar\u00e1 en estricta conformidad con el Acuerdo;<\/span><\/p>\n<p>&nbsp;<\/p>\n<p><span style=\"font-weight: 400;\">b) Cumplir\u00e1 con todas las leyes y reglamentos aplicables (incluyendo, entre otras, todas las leyes aplicables, incluyendo aquellas sobre privacidad, protecci\u00f3n de datos, y uso de servicios financieros);<\/span><\/p>\n<p>&nbsp;<\/p>\n<p><span style=\"font-weight: 400;\">c) Su uso de nuestros Servicios no ser\u00e1 para prop\u00f3sitos ilegales o para promover actividades ilegales;<\/span><\/p>\n<p>&nbsp;<\/p>\n<p><span style=\"font-weight: 400;\">d) No divulgar\u00e1 la informaci\u00f3n personal de otros, seg\u00fan sea aplicable; y<\/span><\/p>\n<p>&nbsp;<\/p>\n<p><span style=\"font-weight: 400;\">e) Su uso de nuestros Servicios no implicar\u00e1 arrendamiento, prestaci\u00f3n, venta o reventa de los Servicios o datos relacionados sin nuestro consentimiento o seg\u00fan se especifica en este documento;<\/span><\/p>\n<p>&nbsp;<\/p>\n<p><span style=\"font-weight: 400;\">Al utilizar nuestros servicios, nuestra plataforma Captum o la P\u00e1gina, declara y garantiza que la informaci\u00f3n que se\u00f1ala es correcta, por lo que Luxelare no se har\u00e1 responsable en caso de que alguno de nuestros Servicios (sean prestados o no por el Socio Tercero) se vea interrumpido o de alguna forma menoscabado, derivado de la informaci\u00f3n presentada por Usted; y<\/span><\/p>\n<p>&nbsp;<\/p>\n<p><span style=\"font-weight: 400;\">Luxelare no presta servicios de financieros o de seguros ni funciona como una empresa de contrataci\u00f3n de personal y que dichos servicios se prestan por Socios Terceros, los cuales no est\u00e1n empleados por <\/span><b>Luxelare<\/b><span style=\"font-weight: 400;\"> ni por ninguna de sus afiliadas.<\/span><\/p>\n<p>&nbsp;<\/p>\n<p style=\"text-align: right;\"><strong>Ciudad de Mexico, 14 de marzo de 2025<\/strong><\/p>\n<p>[\/et_pb_text][\/et_pb_column][\/et_pb_row][\/et_pb_section]<\/p>","protected":false},"excerpt":{"rendered":"<p>T\u00e9rminos y Condiciones Adicionales para la membres\u00eda \u00abAgroblindaje\u00bb 1. Qui\u00e9n es qui\u00e9n \u201cUsted\u201d o seg\u00fan se utilice cualquier adjetivo posesivo para referirse a Usted, tal como \u2018Su\u2019 o \u2018Sus\u2019, significa cualquier persona f\u00edsica o moral que utilice, tenga acceso a una cuenta de Luxelare o contrate nuestros Servicios a trav\u00e9s de la P\u00e1gina, agentes de [&hellip;]<\/p>","protected":false},"author":4,"featured_media":0,"parent":0,"menu_order":0,"comment_status":"closed","ping_status":"closed","template":"","meta":{"_et_pb_use_builder":"on","_et_pb_old_content":"","_et_gb_content_width":"","_monsterinsights_skip_tracking":false,"_monsterinsights_sitenote_active":false,"_monsterinsights_sitenote_note":"","_monsterinsights_sitenote_category":0},"uagb_featured_image_src":{"full":false,"thumbnail":false,"medium":false,"medium_large":false,"large":false,"1536x1536":false,"2048x2048":false,"trp-custom-language-flag":false,"et-pb-post-main-image":false,"et-pb-post-main-image-fullwidth":false,"et-pb-portfolio-image":false,"et-pb-portfolio-module-image":false,"et-pb-portfolio-image-single":false,"et-pb-gallery-module-image-portrait":false,"et-pb-post-main-image-fullwidth-large":false,"et-pb-image--responsive--desktop":false,"et-pb-image--responsive--tablet":false,"et-pb-image--responsive--phone":false},"uagb_author_info":{"display_name":"Alexis Salcedo","author_link":"https:\/\/luxelare.com\/en\/author\/alexis\/"},"uagb_comment_info":0,"uagb_excerpt":"T\u00e9rminos y Condiciones Adicionales para la membres\u00eda \u00abAgroblindaje\u00bb 1. Qui\u00e9n es qui\u00e9n \u201cUsted\u201d o seg\u00fan se utilice cualquier adjetivo posesivo para referirse a Usted, tal como \u2018Su\u2019 o \u2018Sus\u2019, significa cualquier persona f\u00edsica o moral que utilice, tenga acceso a una cuenta de Luxelare o contrate nuestros Servicios a trav\u00e9s de la P\u00e1gina, agentes de&hellip;","_links":{"self":[{"href":"https:\/\/luxelare.com\/en\/wp-json\/wp\/v2\/pages\/1440"}],"collection":[{"href":"https:\/\/luxelare.com\/en\/wp-json\/wp\/v2\/pages"}],"about":[{"href":"https:\/\/luxelare.com\/en\/wp-json\/wp\/v2\/types\/page"}],"author":[{"embeddable":true,"href":"https:\/\/luxelare.com\/en\/wp-json\/wp\/v2\/users\/4"}],"replies":[{"embeddable":true,"href":"https:\/\/luxelare.com\/en\/wp-json\/wp\/v2\/comments?post=1440"}],"version-history":[{"count":4,"href":"https:\/\/luxelare.com\/en\/wp-json\/wp\/v2\/pages\/1440\/revisions"}],"predecessor-version":[{"id":1464,"href":"https:\/\/luxelare.com\/en\/wp-json\/wp\/v2\/pages\/1440\/revisions\/1464"}],"wp:attachment":[{"href":"https:\/\/luxelare.com\/en\/wp-json\/wp\/v2\/media?parent=1440"}],"curies":[{"name":"wp","href":"https:\/\/api.w.org\/{rel}","templated":true}]}}