{"id":1484,"date":"2025-11-27T12:05:52","date_gmt":"2025-11-27T19:05:52","guid":{"rendered":"https:\/\/luxelare.com\/?page_id=1484"},"modified":"2025-11-27T12:11:37","modified_gmt":"2025-11-27T19:11:37","slug":"seguridad","status":"publish","type":"page","link":"https:\/\/luxelare.com\/en\/seguridad\/","title":{"rendered":"Pol\u00edtica de Seguridad"},"content":{"rendered":"<p>[et_pb_section fb_built=\u00bb1&#8243; _builder_version=\u00bb4.7.4&#8243; _module_preset=\u00bbdefault\u00bb da_disable_devices=\u00bboff|off|off\u00bb da_is_popup=\u00bboff\u00bb da_exit_intent=\u00bboff\u00bb da_has_close=\u00bbon\u00bb da_alt_close=\u00bboff\u00bb da_dark_close=\u00bboff\u00bb da_not_modal=\u00bbon\u00bb da_is_singular=\u00bboff\u00bb da_with_loader=\u00bboff\u00bb da_has_shadow=\u00bbon\u00bb][et_pb_row _builder_version=\u00bb4.7.4&#8243; _module_preset=\u00bbdefault\u00bb][et_pb_column type=\u00bb4_4&#8243; _builder_version=\u00bb4.7.4&#8243; _module_preset=\u00bbdefault\u00bb][et_pb_text _builder_version=\u00bb4.9.10&#8243; _module_preset=\u00bbdefault\u00bb header_font_size=\u00bb22px\u00bb header_line_height=\u00bb1.5em\u00bb header_5_font=\u00bb|||on|||||\u00bb header_5_text_align=\u00bbcenter\u00bb header_5_font_size=\u00bb3vh\u00bb header_5_line_height=\u00bb1.5em\u00bb inline_fonts=\u00bbAbhaya Libre\u00bb]<\/p>\n<h1 style=\"text-align: center;\"><strong>POL\u00cdTICA DE SEGURIDAD<\/strong><\/h1>\n<p><strong><\/strong><\/p>\n<h1 id=\"ver-3\"><\/h1>\n<p>En<span>\u00a0<\/span><strong>Luxelare<\/strong>, proveedor l\u00edder de soluciones de an\u00e1lisis predictivo para el sector agr\u00edcola en Am\u00e9rica Latina, reconocemos que la<span>\u00a0<\/span><strong>informaci\u00f3n es uno de nuestros activos m\u00e1s valiosos<\/strong>. La protecci\u00f3n de esta informaci\u00f3n es fundamental para garantizar la confianza de nuestros clientes, socios e inversionistas.<\/p>\n<p>Por ello, mantenemos un riguroso enfoque en la<span>\u00a0<\/span><strong>confidencialidad<\/strong>,<span>\u00a0<\/span><strong>integridad<\/strong><span>\u00a0<\/span>y<span>\u00a0<\/span><strong>disponibilidad<\/strong><span>\u00a0<\/span>de la informaci\u00f3n, tanto de nuestros clientes como de nuestras operaciones. Nuestra pol\u00edtica de seguridad de la informaci\u00f3n est\u00e1 alineada con los m\u00e1s altos est\u00e1ndares internacionales y se sustenta en un sistema de gesti\u00f3n robusto, dise\u00f1ado para anticipar riesgos, prevenir incidentes y garantizar la continuidad del servicio.<\/p>\n<h3><strong><\/strong><\/h3>\n<h3><strong>Nuesto Compromiso<\/strong><\/h3>\n<p>Desde la alta direcci\u00f3n hasta cada colaborador, en Luxelare asumimos con seriedad la responsabilidad de proteger la informaci\u00f3n y los activos digitales. Para ello, nos comprometemos a:<\/p>\n<ul>\n<li>\n<p><strong>Garantizar la protecci\u00f3n de los datos de nuestros clientes<\/strong>, salvaguardando su privacidad y previniendo accesos no autorizados o alteraciones indebidas.<\/p>\n<\/li>\n<li>\n<p><strong>Mantener la disponibilidad y continuidad de nuestros servicios<\/strong>, mediante una infraestructura robusta y procedimientos de recuperaci\u00f3n ante incidentes.<\/p>\n<\/li>\n<li>\n<p><strong>Proteger nuestra propiedad intelectual<\/strong>, incluyendo algoritmos, modelos predictivos y desarrollos tecnol\u00f3gicos clave.<\/p>\n<\/li>\n<li>\n<p><strong>Cumplir con los requisitos legales, contractuales y regulatorios<\/strong><span>\u00a0<\/span>aplicables a nuestras operaciones en M\u00e9xico y Am\u00e9rica Latina.<\/p>\n<\/li>\n<li>\n<p><strong>Fomentar una cultura de seguridad y responsabilidad<\/strong>, capacitando continuamente a nuestro personal y promoviendo buenas pr\u00e1cticas en el manejo de la informaci\u00f3n.<\/p>\n<\/li>\n<li>\n<p><strong>Mejorar de forma continua nuestro SGSI<\/strong>, evaluando riesgos, implementando controles efectivos y midiendo resultados para fortalecer nuestras capacidades de protecci\u00f3n.<\/p>\n<\/li>\n<\/ul>\n<h3><strong><\/strong><\/h3>\n<h3 id=\"-principios-rectores-\"><strong>Principios Rectores<\/strong><\/h3>\n<p>Nuestra pol\u00edtica de seguridad se basa en tres pilares fundamentales:<\/p>\n<ol>\n<li><strong style=\"font-size: 14px;\">Confidencialidad<\/strong><span style=\"font-size: 14px;\">: Acceso restringido \u00fanicamente a personas autorizadas.<\/span><\/li>\n<li><strong style=\"font-size: 14px;\">Integridad<\/strong><span style=\"font-size: 14px;\">: Precisi\u00f3n y consistencia de la informaci\u00f3n durante todo su ciclo de vida.<\/span><\/li>\n<li><strong style=\"font-size: 14px;\">Disponibilidad<\/strong><span style=\"font-size: 14px;\">: Acceso oportuno a la informaci\u00f3n por usuarios autorizados cuando sea necesario.<\/span><\/li>\n<li><strong style=\"font-size: 14px;\">Legalidad<\/strong><span style=\"font-size: 14px;\">: Cumplimiento con las leyes y regulaciones aplicables en materia de seguridad de la informaci\u00f3n y protecci\u00f3n de datos.<\/span><\/li>\n<li><strong style=\"font-size: 14px;\">Mejora continua<\/strong><span style=\"font-size: 14px;\">: Evaluaci\u00f3n peri\u00f3dica del Sistema de Gesti\u00f3n de Seguridad de la Iinformaci\u00f3n para su adaptaci\u00f3n a nuevas amenazas, requisitos regulatorios y tecnol\u00f3gicos.<\/span><\/li>\n<\/ol>\n<p><strong style=\"color: #333333; font-size: 22px;\"><\/strong><\/p>\n<p><strong style=\"color: #333333; font-size: 22px;\">Protecci\u00f3n Proactiva de Nuestros Clientes<\/strong><span style=\"font-size: 14px;\"><\/span><\/p>\n<p>Nuestros clientes pueden tener la certeza de que:<\/p>\n<ul>\n<li>\n<p>La informaci\u00f3n operativa y de negocio que gestionan a trav\u00e9s de nuestra plataforma<span>\u00a0<\/span><strong>Captum<\/strong><span>\u00a0<\/span>es tratada con el mayor cuidado y protecci\u00f3n.<\/p>\n<\/li>\n<li>\n<p>Implementamos controles tecnol\u00f3gicos y organizacionales para prevenir accesos no autorizados y mitigar amenazas internas o externas.<\/p>\n<\/li>\n<li>\n<p>Evaluamos sistem\u00e1ticamente los riesgos y aplicamos medidas adecuadas para minimizarlos.<\/p>\n<\/li>\n<li>\n<p>Cumplimos con todas las regulaciones aplicables en materia de protecci\u00f3n de datos y seguridad de la informaci\u00f3n.<\/p>\n<\/li>\n<\/ul>\n<p><strong style=\"color: #333333; font-size: 22px;\"><\/strong><\/p>\n<p><strong style=\"color: #333333; font-size: 22px;\">Alcance<\/strong><\/p>\n<p>Esta pol\u00edtica aplica a todos los sistemas, procesos, recursos humanos y tecnol\u00f3gicos involucrados en el tratamiento de la informaci\u00f3n dentro del contexto de operaci\u00f3n de Luxelare, incluyendo su plataforma principal, Captum\u00ae, y otros servicios asociados.<\/p>\n<h3><strong><\/strong><\/h3>\n<h3><strong>Responsabilidad y Cultura Organizacional<\/strong><\/h3>\n<p>La seguridad es una responsabilidad compartida. Todos los colaboradores de Luxelare participan activamente en programas de capacitaci\u00f3n, aplican buenas pr\u00e1cticas en el manejo de informaci\u00f3n y reportan de forma oportuna cualquier evento de seguridad. Fomentamos una cultura basada en la responsabilidad personal y la mejora continua.<\/p>\n<p>Todos los colaboradores, usuarios y partes con acceso a los sistemas de informaci\u00f3n de Luxelare tienen la responsabilidad de:<\/p>\n<ul>\n<li>\n<p>Cumplir con esta pol\u00edtica y los procedimientos asociados.<\/p>\n<\/li>\n<li>\n<p>Manejar la informaci\u00f3n de forma segura y \u00e9tica.<\/p>\n<\/li>\n<li>\n<p>Reportar de manera oportuna cualquier incidente o vulnerabilidad relacionada con la seguridad de la informaci\u00f3n.<\/p>\n<\/li>\n<\/ul>\n<h3><span style=\"color: #333333;\"><strong><\/strong><\/span><\/h3>\n<h3><span style=\"color: #333333;\"><strong>Compromisos de la Organizaci\u00f3n<\/strong><\/span><\/h3>\n<p>Luxelare se compromete a:<\/p>\n<ul>\n<li>\n<p>Establecer, mantener y mejorar un SGSI robusto, documentado y eficaz.<\/p>\n<\/li>\n<li>\n<p>Identificar, evaluar y gestionar riesgos relacionados con la seguridad de la informaci\u00f3n.<\/p>\n<\/li>\n<li>\n<p>Establecer responsabilidades claras para el cumplimiento de esta pol\u00edtica.<\/p>\n<\/li>\n<li>\n<p>Capacitar al personal en buenas pr\u00e1cticas de seguridad.<\/p>\n<\/li>\n<li>\n<p>Garantizar la implementaci\u00f3n de controles t\u00e9cnicos y organizacionales adecuados.<\/p>\n<\/li>\n<li>\n<p>Promover una cultura organizacional orientada a la seguridad y protecci\u00f3n de la informaci\u00f3n.<\/p>\n<\/li>\n<\/ul>\n<h3><strong><\/strong><\/h3>\n<h3><strong>Marco Internacional de Buenas Pr\u00e1cticas<\/strong><\/h3>\n<p>Nuestro enfoque de seguridad est\u00e1 alineado con la norma internacional<span>\u00a0<\/span><strong>ISO\/IEC 27001<\/strong>, lo que refleja nuestro compromiso con la excelencia operativa y el cumplimiento. Esta alineaci\u00f3n nos permite responder a los desaf\u00edos actuales del entorno digital con agilidad, transparencia y control.<\/p>\n<p>&nbsp;<\/p>\n<p style=\"text-align: right;\"><em><strong>Ciudad de M\u00e9xico, Noviembre 2025<\/strong><\/em><\/p>\n<p>[\/et_pb_text][\/et_pb_column][\/et_pb_row][\/et_pb_section]<\/p>","protected":false},"excerpt":{"rendered":"<p>POL\u00cdTICA DE SEGURIDAD En\u00a0Luxelare, proveedor l\u00edder de soluciones de an\u00e1lisis predictivo para el sector agr\u00edcola en Am\u00e9rica Latina, reconocemos que la\u00a0informaci\u00f3n es uno de nuestros activos m\u00e1s valiosos. La protecci\u00f3n de esta informaci\u00f3n es fundamental para garantizar la confianza de nuestros clientes, socios e inversionistas. Por ello, mantenemos un riguroso enfoque en la\u00a0confidencialidad,\u00a0integridad\u00a0y\u00a0disponibilidad\u00a0de la informaci\u00f3n, [&hellip;]<\/p>","protected":false},"author":2,"featured_media":0,"parent":0,"menu_order":0,"comment_status":"closed","ping_status":"closed","template":"","meta":{"_et_pb_use_builder":"on","_et_pb_old_content":"","_et_gb_content_width":"","_monsterinsights_skip_tracking":false,"_monsterinsights_sitenote_active":false,"_monsterinsights_sitenote_note":"","_monsterinsights_sitenote_category":0},"uagb_featured_image_src":{"full":false,"thumbnail":false,"medium":false,"medium_large":false,"large":false,"1536x1536":false,"2048x2048":false,"trp-custom-language-flag":false,"et-pb-post-main-image":false,"et-pb-post-main-image-fullwidth":false,"et-pb-portfolio-image":false,"et-pb-portfolio-module-image":false,"et-pb-portfolio-image-single":false,"et-pb-gallery-module-image-portrait":false,"et-pb-post-main-image-fullwidth-large":false,"et-pb-image--responsive--desktop":false,"et-pb-image--responsive--tablet":false,"et-pb-image--responsive--phone":false},"uagb_author_info":{"display_name":"Luxelare","author_link":"https:\/\/luxelare.com\/en\/author\/heberto\/"},"uagb_comment_info":0,"uagb_excerpt":"POL\u00cdTICA DE SEGURIDAD En\u00a0Luxelare, proveedor l\u00edder de soluciones de an\u00e1lisis predictivo para el sector agr\u00edcola en Am\u00e9rica Latina, reconocemos que la\u00a0informaci\u00f3n es uno de nuestros activos m\u00e1s valiosos. La protecci\u00f3n de esta informaci\u00f3n es fundamental para garantizar la confianza de nuestros clientes, socios e inversionistas. Por ello, mantenemos un riguroso enfoque en la\u00a0confidencialidad,\u00a0integridad\u00a0y\u00a0disponibilidad\u00a0de la informaci\u00f3n,&hellip;","_links":{"self":[{"href":"https:\/\/luxelare.com\/en\/wp-json\/wp\/v2\/pages\/1484"}],"collection":[{"href":"https:\/\/luxelare.com\/en\/wp-json\/wp\/v2\/pages"}],"about":[{"href":"https:\/\/luxelare.com\/en\/wp-json\/wp\/v2\/types\/page"}],"author":[{"embeddable":true,"href":"https:\/\/luxelare.com\/en\/wp-json\/wp\/v2\/users\/2"}],"replies":[{"embeddable":true,"href":"https:\/\/luxelare.com\/en\/wp-json\/wp\/v2\/comments?post=1484"}],"version-history":[{"count":6,"href":"https:\/\/luxelare.com\/en\/wp-json\/wp\/v2\/pages\/1484\/revisions"}],"predecessor-version":[{"id":1493,"href":"https:\/\/luxelare.com\/en\/wp-json\/wp\/v2\/pages\/1484\/revisions\/1493"}],"wp:attachment":[{"href":"https:\/\/luxelare.com\/en\/wp-json\/wp\/v2\/media?parent=1484"}],"curies":[{"name":"wp","href":"https:\/\/api.w.org\/{rel}","templated":true}]}}