{"id":356,"date":"2020-11-25T11:59:58","date_gmt":"2020-11-25T11:59:58","guid":{"rendered":"http:\/\/35.245.185.200\/?page_id=356"},"modified":"2025-03-19T12:09:54","modified_gmt":"2025-03-19T19:09:54","slug":"aviso-de-privacidad","status":"publish","type":"page","link":"https:\/\/luxelare.com\/en\/aviso-de-privacidad\/","title":{"rendered":"the privacy notice"},"content":{"rendered":"<p>[et_pb_section fb_built=\u00bb1&#8243; _builder_version=\u00bb4.7.4&#8243; _module_preset=\u00bbdefault\u00bb da_disable_devices=\u00bboff|off|off\u00bb da_is_popup=\u00bboff\u00bb da_exit_intent=\u00bboff\u00bb da_has_close=\u00bbon\u00bb da_alt_close=\u00bboff\u00bb da_dark_close=\u00bboff\u00bb da_not_modal=\u00bbon\u00bb da_is_singular=\u00bboff\u00bb da_with_loader=\u00bboff\u00bb da_has_shadow=\u00bbon\u00bb][et_pb_row _builder_version=\u00bb4.7.4&#8243; _module_preset=\u00bbdefault\u00bb][et_pb_column type=\u00bb4_4&#8243; _builder_version=\u00bb4.7.4&#8243; _module_preset=\u00bbdefault\u00bb][et_pb_text _builder_version=\u00bb4.9.10&#8243; _module_preset=\u00bbdefault\u00bb header_font_size=\u00bb22px\u00bb header_line_height=\u00bb1.5em\u00bb header_5_font=\u00bb|||on|||||\u00bb header_5_text_align=\u00bbcenter\u00bb header_5_font_size=\u00bb3vh\u00bb header_5_line_height=\u00bb1.5em\u00bb hover_enabled=\u00bb0&#8243; sticky_enabled=\u00bb0&#8243;]<\/p>\n<h1 style=\"text-align: center;\"><strong>AVISO DE PRIVACIDAD INTEGRAL PARA CLIENTES Y USUARIOS DE CAPTUM<\/strong><\/h1>\n<p><strong><\/strong><\/p>\n<p><span style=\"font-weight: 400;\">Dando cumplimiento a lo dispuesto por la Ley Federal de Protecci\u00f3n de Datos Personales en Posesi\u00f3n de los Particulares (la \u201c<\/span><span style=\"font-weight: 400;\">Ley<\/span><span style=\"font-weight: 400;\">\u201d), su Reglamento (el \u201cReglamento\u201d) y los Lineamientos del Aviso de Privacidad (los \u201cLineamientos\u201d), OFELIA TECH, S.A.P.I. DE C.V. (\u201c<\/span><span style=\"font-weight: 400;\">Luxelare<\/span><span style=\"font-weight: 400;\">\u201d o el \u201c<\/span><span style=\"font-weight: 400;\">Responsable<\/span><span style=\"font-weight: 400;\">\u201d), le da a conocer a usted (el \u201c<\/span><span style=\"font-weight: 400;\">Titular<\/span><span style=\"font-weight: 400;\">\u201d o \u201c<\/span><span style=\"font-weight: 400;\">Usted<\/span><span style=\"font-weight: 400;\">\u201d), el presente aviso de privacidad integral (el \u201c<\/span><span style=\"font-weight: 400;\">the privacy notice<\/span><span style=\"font-weight: 400;\">\u201d). Por favor l\u00e9alo cuidadosamente, ya que contiene informaci\u00f3n importante relacionada con la obtenci\u00f3n, uso, divulgaci\u00f3n o almacenamiento (el \u201c<\/span><span style=\"font-weight: 400;\">Tratamiento<\/span><span style=\"font-weight: 400;\">\u201d) que Luxelare har\u00e1 de la informaci\u00f3n que lo identifique, o haga identificable (sus \u201c<\/span><span style=\"font-weight: 400;\">Datos Personales<\/span><span style=\"font-weight: 400;\">\u201d), as\u00ed como las Finalidades para las cuales ser\u00e1n Tratados dichos Datos.\u00a0<\/span><\/p>\n<p><span style=\"font-weight: 400;\">Lo anterior sin perjuicio de que, conforme al Art\u00edculo 5 de dicho Reglamento, el mismo no es aplicable a los Datos Personales de: <\/span><b><i>(a) <\/i><\/b><span style=\"font-weight: 400;\">personas morales; <\/span><b><i>(b) <\/i><\/b><span style=\"font-weight: 400;\">personas f\u00edsicas en su calidad de comerciantes y profesionistas, y\/o de <\/span><b><i>(c) <\/i><\/b><span style=\"font-weight: 400;\">personas f\u00edsicas que presten sus servicios a otra persona, moral o f\u00edsica con actividades empresariales y\/o de prestaci\u00f3n de servicios, consistente \u00fanicamente en: su nombre y apellidos, las funciones o puestos desempe\u00f1ados, as\u00ed como algunos de los siguientes datos laborales: <\/span><b><i>(i)<\/i><\/b> <span style=\"font-weight: 400;\">domicilio f\u00edsico, <\/span><b><i>(ii)<\/i><\/b><span style=\"font-weight: 400;\">direcci\u00f3n electr\u00f3nica, <\/span><b><i>(iii) <\/i><\/b><span style=\"font-weight: 400;\">tel\u00e9fono y n\u00famero de fax; siempre que esta informaci\u00f3n sea tratada para fines de representaci\u00f3n del empleador o contratista<\/span><\/p>\n<p><span style=\"font-weight: 400;\">Los t\u00e9rminos identificados con iniciales may\u00fasculas en el presente Aviso de Privacidad que no tengan una definici\u00f3n asignada en el mismo tendr\u00e1n el significado que les corresponda conforme a la Ley, el Reglamento, los Lineamientos o el Contrato de Servicios suscrito con Luxelare, seg\u00fan corresponda. <\/span><\/p>\n<p><span style=\"font-weight: 400;\"><\/span><\/p>\n<p><strong>I. IDENTIDAD Y DOMICILIO DEL RESPONSABLE.<\/strong> Luxelare, con domicilio en Monte Caucaso 915, Despacho 302, Lomas de Chapultepec, Miguel Hidalgo, Ciudad de M\u00e9xico, CP 11000, M\u00e9xico, es Responsable de recabar sus Datos Personales as\u00ed como del Tratamiento que se haga de los mismos.<\/p>\n<p><strong>II. DATOS PERSONALES QUE SER\u00c1N SOMETIDOS A TRATAMIENTO.<\/strong> El Responsable obtendr\u00e1, directa o indirectamente, los Datos Personales que corresponden a las siguientes categor\u00edas: (a) Datos de identificaci\u00f3n; (b) Datos de contacto; (c) Datos de ubicaci\u00f3n; (d) Datos laborales o bien profesionales y, en el caso que el Cliente sea propietario del Lote, (e) Datos financieros y\/o patrimoniales, adem\u00e1s de la informaci\u00f3n que Usted nos proporcione a lo largo de la relaci\u00f3n de prestaci\u00f3n de servicios que establezca con el Responsable.<\/p>\n<p>Luxelare no dar\u00e1 Tratamiento a Datos Personales Sensibles para el cumplimiento de las finalidades manifiestas en el presente Aviso de Privacidad.<\/p>\n<p>Luxelare obtendr\u00e1 sus Datos Personales generalmente de manera personal o directa, si Usted es un Cliente; ello sin perjuicio de que pudieran haber sido transferidos por alguna instituci\u00f3n financiera que le preste sus propios servicios, en cuyo caso ello habr\u00eda sido hecho en beneficio suyo. Si Usted fuera nombrado como Usuario por un Cliente de Luxelare, sus datos podr\u00edan haber sido obtenidos indirectamente, del Cliente que le design\u00f3 a Usted con tal car\u00e1cter.<\/p>\n<p><strong>III. FINALIDADES DEL TRATAMIENTO.<\/strong> Sus Datos Personales ser\u00e1n Tratados por Luxelare para llevar a cabo las Finalidades mencionadas a continuaci\u00f3n, que dan origen y son necesarias para la existencia, mantenimiento y cumplimiento de su relaci\u00f3n jur\u00eddica con Luxelare: (a) identificarlo y comunicarse con Usted; (b) prestarle los servicios que Luxelare brinda a trav\u00e9s de su plataforma; (c) dar cumplimiento a las obligaciones jur\u00eddicas existentes entre Luxelare y Usted, o bien las que pudiera tener con terceros, en la forma y medida necesarios para ello y, en su caso (d) efectuar las Transferencias de Datos Personales previstas en el presente Aviso de Privacidad.<\/p>\n<p>Luxelare no dar\u00e1 Tratamiento a sus Datos Personales para Finalidades secundarias, o que no resulten necesarias para su relaci\u00f3n jur\u00eddica con Usted.<\/p>\n<p><strong>IV. TRANSFERENCIAS DE DATOS PERSONALES QUE SE EFECT\u00daEN.<\/strong> Luxelare podr\u00e1 transferir sus Datos Personales a su sociedad controladora, as\u00ed como a sus subsidiarias y\/o afiliadas bajo su control com\u00fan, o a cualquier sociedad de su grupo corporativo que opere bajo los mismos procesos y pol\u00edticas internas, para finalidades necesarias contempladas en este Aviso de Privacidad. Tambi\u00e9n podr\u00e1 transferir esos Datos Personales a terceras empresas que operen dentro del sector agr\u00edcola e industrias relacionadas que le provean insumos al mismo, para proporcionarles referencias, as\u00ed como a terceros que operen en el sector de servicios financieros, a fin de proveer al cumplimiento de las obligaciones que pudiera tener para con ellos. Si Usted no manifiesta su negativa para dichas transferencias, entenderemos que nos ha otorgado su consentimiento para ellas.<\/p>\n<p>Tambi\u00e9n podremos transferir sus Datos Personales a cualquier autoridad competente que lo requiera por escrito, debidamente fundado, motivado y suscrito en original, conforme a la ley. Dichas transferencias estar\u00e1n limitadas a los actos que se requieran para cumplir con nuestras obligaciones en el contexto del requerimiento de que se trate.<\/p>\n<p><strong>V. MEDIOS Y PROCEDIMIENTOS PARA EJERCITAR SUS DERECHOS ARCO.<\/strong> Usted tiene derecho para acceder a sus Datos Personales; rectificarlos cuando hubieran dejado de ser exactos, completos, pertinentes, correctos y actualizados con relaci\u00f3n a las Finalidades de su Tratamiento; cancelarlos cuando juzgue que hubieran dejado de ser necesarios para dichas Finalidades, as\u00ed como para oponerse al Tratamiento de los mismos (los \u201cDerechos ARCO\u201d). El ejercicio de sus Derechos ARCO se llevar\u00e1 a cabo a trav\u00e9s de la solicitud respectiva, misma que podr\u00e1 enviar por correo electr\u00f3nico dirigido a nuestro funcionario a cargo Datos Personales, a la direcci\u00f3n administracion@luxelare.com utilizando el formato que podr\u00e1 descargar a trav\u00e9s de este v\u00ednculo indicando en \u00e9l: (a) el derecho que desea ejercitar; (b) los Datos Personales a los que se refiera su solicitud; as\u00ed como (c) cualquier informaci\u00f3n adicional que nos pueda proporcionar para la ubicaci\u00f3n de sus Datos Personales; (d) una direcci\u00f3n de correo electr\u00f3nico activa, en la cual desea recibir la respuesta por parte de Luxelare, y (e) fecha de firma de su Contrato de Servicios, si es Usted Cliente, o bien la denominaci\u00f3n o nombre del Cliente que lo hubiera designado como Usuario.<\/p>\n<p>Deber\u00e1 anexar a su solicitud: (i) copia de su identificaci\u00f3n oficial, en el caso formule la solicitud Usted mismo; o copia del poder notarial de su representante legal, as\u00ed como copia de la identificaci\u00f3n oficial de dicho representante, y (ii) si su solicitud fuera de Rectificaci\u00f3n, la documentaci\u00f3n comprobatoria de los cambios que quiera sean realizados en sus Datos Personales.<br \/>En caso de que su solicitud haya sido enviada en viernes o en d\u00eda inh\u00e1bil, ser\u00e1 considerada como recibida a partir del d\u00eda h\u00e1bil inmediato siguiente. Si su solicitud no cumpliera con los requisitos necesarios, dentro de los 5 d\u00edas h\u00e1biles siguientes a la recepci\u00f3n de la misma le ser\u00e1 requerido subsanarla, y gozar\u00e1 de un t\u00e9rmino de 10 d\u00edas para ello; de no cumplir con dicho requerimiento durante este plazo, su solicitud se tendr\u00e1 por no presentada.<\/p>\n<p>Se le dar\u00e1 respuesta en un plazo no mayor a 20 d\u00edas h\u00e1biles de haber recibido su solicitud, mediante un escrito que se le enviar\u00e1 al medio que haya sido indicado por Usted para ello. En caso de que sea procedente de conformidad con la Ley y dem\u00e1s normatividad vigente, se le otorgar\u00e1 el acceso; se rectificar\u00e1n o cancelar\u00e1n sus datos, previo su bloqueo en los casos que sea preciso; se har\u00e1 efectivo su derecho de oposici\u00f3n, o bien se tendr\u00e1 por revocado su consentimiento para el Tratamiento de sus Datos Personales.<\/p>\n<p>En todos los casos en los que su solicitud sea procedente la respuesta ser\u00e1 gratuita, siempre y cuando se lleve a cabo a trav\u00e9s de la direcci\u00f3n de correo electr\u00f3nico que se\u00f1ale para dichos efectos. En caso de que requiera que la informaci\u00f3n le sea entregada de modo diverso, deber\u00e1 cubrir \u00fanicamente los gastos administrativos de recuperaci\u00f3n que le sean cotizados por el costo de la elaboraci\u00f3n de los materiales para su respuesta y de env\u00edo por la modalidad que hubiere solicitado.<\/p>\n<p><strong>VI. OPCIONES Y MEDIOS PARA LIMITAR EL TRATAMIENTO DE LOS DATOS PERSONALES.<\/strong> La limitaci\u00f3n del Tratamiento de datos personales \u00fanicamente procede respecto de las finalidades no necesarias para su relaci\u00f3n jur\u00eddica con el Responsable, y siempre por causa leg\u00edtima o para evitarle perjuicios. Aunque Luxelare no dar\u00e1 Tratamiento a sus Datos Personales para finalidades que no sean necesarias para su relaci\u00f3n jur\u00eddica con Ud., est\u00e1 en libertad de formular su solicitud de limitaci\u00f3n a trav\u00e9s de los medios indicados en la secci\u00f3n V, cumpliendo con los requisitos de identificaci\u00f3n para el ejercicio de los Derechos ARCO, se\u00f1alando las finalidades que Ud. juzgue no sean necesarias y las causas de procedencia que considere aplicables. Se evaluar\u00e1 la solicitud y, de ser aprobada, se le incluir\u00e1 en una lista de exclusi\u00f3n de Luxelare.<\/p>\n<p><strong>VII. PROCEDIMIENTOS Y MEDIOS PARA COMUNICAR LOS CAMBIOS EN EL AVISO DE PRIVACIDAD.<\/strong> El presente Aviso de Privacidad podr\u00e1 ser modificado y\/o ajustado, de tiempo en tiempo, a entera discreci\u00f3n de Luxelare. Cualquier modificaci\u00f3n ser\u00e1 hecha de su conocimiento en la Plataforma CAPTUM, a trav\u00e9s de notificaciones dirigidas a los medios de comunicaci\u00f3n que hubiera indicado en dicha Plataforma, o bien por otros medios que Luxelare juzgue adecuados. Usted deber\u00e1 verificar peri\u00f3dicamente la versi\u00f3n vigente de dicho Aviso de Privacidad.<\/p>\n<p>Usted acepta y reconoce que el presente Aviso de Privacidad, seg\u00fan sea modificado y\/o ajustado, le ser\u00e1 aplicable mientras se encuentre vigente el Contrato de Servicios respectivo, trat\u00e1ndose de Clientes, o bien mientras preste sus servicios a un Cliente de Luxelare, trat\u00e1ndose de Usuarios.<\/p>\n<p><strong>VIII. MEDIO REMOTOS (USO DE COOKIES Y OTRAS TECNOLOG\u00cdAS).<\/strong> La Plataforma utiliza archivos temporales denominados \u201ccookies\u201d y otras tecnolog\u00edas a trav\u00e9s de las cuales es posible monitorear ciertos aspectos de la utilizaci\u00f3n que haga de la misma, as\u00ed como brindarle una mejor experiencia de navegaci\u00f3n en ella. Usted tiene la posibilidad de configurar su navegador de Internet para ser avisado de la recepci\u00f3n de cookies y para impedir su instalaci\u00f3n en su equipo o dispositivo. No obstante lo anterior, la desactivaci\u00f3n y la limitaci\u00f3n del uso de cookies en su navegador podr\u00eda afectar el correcto funcionamiento de la Plataforma.<\/p>\n<p>Consulte las instrucciones espec\u00edficas de su navegador para ampliar esta informaci\u00f3n.<\/p>\n<p><strong>IX. MECANISMOS Y PROCEDIMIENTOS PARA REVOCAR EL CONSENTIMIENTO.<\/strong> Le informamos que por virtud del consentimiento expreso y por escrito manifestado con motivo de la formalizaci\u00f3n del Contrato de Servicios celebrado entre Usted, en su car\u00e1cter de Cliente, y Luxelare, basta con que no manifieste oposici\u00f3n al presente Aviso de Privacidad para contar con su consentimiento t\u00e1cito respecto del presente documento. Esto mismo resulta aplicable trat\u00e1ndose de Usuarios que den lectura a este texto y accedan a, o hagan uso de, la Plataforma CATPUM.<\/p>\n<p>&nbsp;<\/p>\n<p style=\"text-align: right;\"><em><strong>Ciudad de M\u00e9xico, 14 de marzo de 2025<\/strong><\/em><\/p>\n<p>[\/et_pb_text][\/et_pb_column][\/et_pb_row][\/et_pb_section]<\/p>","protected":false},"excerpt":{"rendered":"<p>AVISO DE PRIVACIDAD INTEGRAL PARA CLIENTES Y USUARIOS DE CAPTUM Dando cumplimiento a lo dispuesto por la Ley Federal de Protecci\u00f3n de Datos Personales en Posesi\u00f3n de los Particulares (la \u201cLey\u201d), su Reglamento (el \u201cReglamento\u201d) y los Lineamientos del Aviso de Privacidad (los \u201cLineamientos\u201d), OFELIA TECH, S.A.P.I. DE C.V. (\u201cLuxelare\u201d o el \u201cResponsable\u201d), le da [&hellip;]<\/p>","protected":false},"author":1,"featured_media":0,"parent":0,"menu_order":0,"comment_status":"closed","ping_status":"closed","template":"","meta":{"_et_pb_use_builder":"on","_et_pb_old_content":"","_et_gb_content_width":"","_monsterinsights_skip_tracking":false,"_monsterinsights_sitenote_active":false,"_monsterinsights_sitenote_note":"","_monsterinsights_sitenote_category":0},"uagb_featured_image_src":{"full":false,"thumbnail":false,"medium":false,"medium_large":false,"large":false,"1536x1536":false,"2048x2048":false,"trp-custom-language-flag":false,"et-pb-post-main-image":false,"et-pb-post-main-image-fullwidth":false,"et-pb-portfolio-image":false,"et-pb-portfolio-module-image":false,"et-pb-portfolio-image-single":false,"et-pb-gallery-module-image-portrait":false,"et-pb-post-main-image-fullwidth-large":false,"et-pb-image--responsive--desktop":false,"et-pb-image--responsive--tablet":false,"et-pb-image--responsive--phone":false},"uagb_author_info":{"display_name":"luo","author_link":"https:\/\/luxelare.com\/en\/author\/luo\/"},"uagb_comment_info":0,"uagb_excerpt":"AVISO DE PRIVACIDAD INTEGRAL PARA CLIENTES Y USUARIOS DE CAPTUM Dando cumplimiento a lo dispuesto por la Ley Federal de Protecci\u00f3n de Datos Personales en Posesi\u00f3n de los Particulares (la \u201cLey\u201d), su Reglamento (el \u201cReglamento\u201d) y los Lineamientos del Aviso de Privacidad (los \u201cLineamientos\u201d), OFELIA TECH, S.A.P.I. DE C.V. (\u201cLuxelare\u201d o el \u201cResponsable\u201d), le da&hellip;","_links":{"self":[{"href":"https:\/\/luxelare.com\/en\/wp-json\/wp\/v2\/pages\/356"}],"collection":[{"href":"https:\/\/luxelare.com\/en\/wp-json\/wp\/v2\/pages"}],"about":[{"href":"https:\/\/luxelare.com\/en\/wp-json\/wp\/v2\/types\/page"}],"author":[{"embeddable":true,"href":"https:\/\/luxelare.com\/en\/wp-json\/wp\/v2\/users\/1"}],"replies":[{"embeddable":true,"href":"https:\/\/luxelare.com\/en\/wp-json\/wp\/v2\/comments?post=356"}],"version-history":[{"count":6,"href":"https:\/\/luxelare.com\/en\/wp-json\/wp\/v2\/pages\/356\/revisions"}],"predecessor-version":[{"id":1434,"href":"https:\/\/luxelare.com\/en\/wp-json\/wp\/v2\/pages\/356\/revisions\/1434"}],"wp:attachment":[{"href":"https:\/\/luxelare.com\/en\/wp-json\/wp\/v2\/media?parent=356"}],"curies":[{"name":"wp","href":"https:\/\/api.w.org\/{rel}","templated":true}]}}