{"id":446,"date":"2020-12-16T17:58:27","date_gmt":"2020-12-17T00:58:27","guid":{"rendered":"http:\/\/luxelare.com\/?page_id=446"},"modified":"2021-08-13T18:31:39","modified_gmt":"2021-08-14T00:31:39","slug":"academia","status":"publish","type":"page","link":"https:\/\/luxelare.com\/en\/academia\/","title":{"rendered":"Academy"},"content":{"rendered":"<p>[et_pb_section fb_built=\u00bb1&#8243; admin_label=\u00bbHero\u00bb _builder_version=\u00bb4.9.10&#8243; _module_preset=\u00bbcad14d10-96d2-4cb2-9577-81972e3a372b\u00bb use_background_color_gradient=\u00bbon\u00bb background_color_gradient_start=\u00bbrgba(0,0,0,0.15)\u00bb background_color_gradient_end=\u00bbrgba(0,0,0,0.4)\u00bb background_color_gradient_overlays_image=\u00bbon\u00bb background_image=\u00bbhttps:\/\/luxelare.com\/wp-content\/uploads\/2020\/12\/Header-Academia-Luxelare-2.png\u00bb parallax=\u00bbon\u00bb parallax_method=\u00bboff\u00bb custom_margin=\u00bb0px||0px||false|false\u00bb custom_padding=\u00bb4.5%||4.5%||true|false\u00bb hover_enabled=\u00bb0&#8243; global_module=\u00bb535&#8243; sticky_enabled=\u00bb0&#8243;][et_pb_row column_structure=\u00bb3_5,2_5&#8243; _builder_version=\u00bb4.7.4&#8243; _module_preset=\u00bbdefault\u00bb width=\u00bb80.3%\u00bb width_tablet=\u00bb\u00bb width_phone=\u00bb85%\u00bb width_last_edited=\u00bbon|phone\u00bb max_width=\u00bb2560px\u00bb module_alignment=\u00bbcenter\u00bb custom_margin=\u00bb|auto||274px||\u00bb custom_padding=\u00bb0px||0px|||\u00bb][et_pb_column type=\u00bb3_5&#8243; _builder_version=\u00bb4.7.4&#8243; _module_preset=\u00bbdefault\u00bb][et_pb_text _builder_version=\u00bb4.9.10&#8243; _module_preset=\u00bbdefault\u00bb header_2_text_align=\u00bbcenter\u00bb width=\u00bb80%\u00bb width_tablet=\u00bb\u00bb width_phone=\u00bb100%\u00bb width_last_edited=\u00bbon|phone\u00bb module_alignment=\u00bbcenter\u00bb custom_margin=\u00bb|90px||||\u00bb custom_padding=\u00bb|0px||0px||\u00bb header_2_text_align_tablet=\u00bb\u00bb header_2_text_align_phone=\u00bbcenter\u00bb header_2_text_align_last_edited=\u00bbon|phone\u00bb module_alignment_tablet=\u00bb\u00bb module_alignment_phone=\u00bbcenter\u00bb module_alignment_last_edited=\u00bbon|phone\u00bb]<\/p>\n<h2 style=\"text-align: left;\">APRENDE A EMPLEAR T\u00c9CNICAS AVANZADAS DE AGRONOM\u00cdA Y ENT\u00c9RATE DE LAS INNOVACIONES M\u00c1S recientes<\/h2>\n<p>&nbsp;<\/p>\n<p>[\/et_pb_text][et_pb_text _builder_version=\u00bb4.9.10&#8243; _module_preset=\u00bbdefault\u00bb][\/et_pb_text][\/et_pb_column][et_pb_column type=\u00bb2_5&#8243; _builder_version=\u00bb4.7.4&#8243; _module_preset=\u00bbdefault\u00bb][\/et_pb_column][\/et_pb_row][\/et_pb_section][et_pb_section fb_built=\u00bb1&#8243; admin_label=\u00bbGallery\u00bb _builder_version=\u00bb3.22&#8243; custom_padding=\u00bb100px||100px|\u00bb][et_pb_row column_structure=\u00bb1_3,1_3,1_3&#8243; _builder_version=\u00bb3.25&#8243; custom_padding=\u00bb||100px|||\u00bb animation_style=\u00bbzoom\u00bb animation_intensity_zoom=\u00bb10%\u00bb][et_pb_column type=\u00bb1_3&#8243; _builder_version=\u00bb3.25&#8243; custom_padding=\u00bb|||\u00bb custom_padding__hover=\u00bb|||\u00bb][et_pb_image src=\u00bbhttps:\/\/luxelare.com\/wp-content\/uploads\/2020\/12\/1-2.png\u00bb alt=\u00bbagricultura digital\u00bb title_text=\u00bbAgricultura Digital\u00bb force_fullwidth=\u00bbon\u00bb align_tablet=\u00bbcenter\u00bb align_phone=\u00bb\u00bb align_last_edited=\u00bbon|desktop\u00bb _builder_version=\u00bb4.7.4&#8243; custom_margin=\u00bb||30px|\u00bb custom_padding=\u00bb|||\u00bb][\/et_pb_image][et_pb_text _builder_version=\u00bb4.7.4&#8243; text_font=\u00bbMontserrat||||||||\u00bb text_text_color=\u00bb#7e7f93&#8243; text_font_size=\u00bb18px\u00bb header_font=\u00bbMontserrat|700|||||||\u00bb header_text_color=\u00bb#077841&#8243; header_3_font=\u00bbMontserrat|700|||||||\u00bb header_3_text_color=\u00bb#077841&#8243; header_3_font_size=\u00bb24px\u00bb header_3_line_height=\u00bb1.4em\u00bb locked=\u00bboff\u00bb]<\/p>\n<h3>Digital Agriculture<\/h3>\n<p>Master agricultural technologies<\/p>\n<p>[\/et_pb_text][\/et_pb_column][et_pb_column type=\u00bb1_3&#8243; _builder_version=\u00bb3.25&#8243; custom_padding=\u00bb|||\u00bb custom_padding__hover=\u00bb|||\u00bb][et_pb_image src=\u00bbhttps:\/\/luxelare.com\/wp-content\/uploads\/2020\/12\/2-2.png\u00bb alt=\u00bbextensionismo y agronom\u00eda\u00bb title_text=\u00bbextensionismo y agronom\u00eda\u00bb force_fullwidth=\u00bbon\u00bb align_tablet=\u00bbcenter\u00bb align_phone=\u00bb\u00bb align_last_edited=\u00bbon|desktop\u00bb _builder_version=\u00bb4.7.4&#8243; custom_margin=\u00bb||30px|\u00bb custom_padding=\u00bb|||\u00bb][\/et_pb_image][et_pb_text _builder_version=\u00bb4.7.4&#8243; text_font=\u00bbMontserrat||||||||\u00bb text_text_color=\u00bb#7e7f93&#8243; text_font_size=\u00bb18px\u00bb header_font=\u00bbMontserrat|700|||||||\u00bb header_text_color=\u00bb#077841&#8243; header_3_font=\u00bbMontserrat|700|||||||\u00bb header_3_text_color=\u00bb#077841&#8243; header_3_font_size=\u00bb24px\u00bb header_3_line_height=\u00bb1.4em\u00bb locked=\u00bboff\u00bb]<\/p>\n<h3>Agronomic Practices<\/h3>\n<p>Learn to do precision agriculture using the best information<\/p>\n<p>[\/et_pb_text][\/et_pb_column][et_pb_column type=\u00bb1_3&#8243; _builder_version=\u00bb3.25&#8243; custom_padding=\u00bb|||\u00bb custom_padding__hover=\u00bb|||\u00bb][et_pb_image src=\u00bbhttps:\/\/luxelare.com\/wp-content\/uploads\/2020\/12\/3-2.png\u00bb alt=\u00bbagroseguros\u00bb title_text=\u00bbagroseguros\u00bb force_fullwidth=\u00bbon\u00bb align_tablet=\u00bbcenter\u00bb align_phone=\u00bb\u00bb align_last_edited=\u00bbon|desktop\u00bb _builder_version=\u00bb4.7.4&#8243; custom_margin=\u00bb||30px|\u00bb custom_padding=\u00bb|||\u00bb][\/et_pb_image][et_pb_text _builder_version=\u00bb4.7.4&#8243; text_font=\u00bbMontserrat||||||||\u00bb text_text_color=\u00bb#7e7f93&#8243; text_font_size=\u00bb18px\u00bb header_font=\u00bbMontserrat|700|||||||\u00bb header_text_color=\u00bb#077841&#8243; header_3_font=\u00bbMontserrat|700|||||||\u00bb header_3_text_color=\u00bb#077841&#8243; header_3_font_size=\u00bb24px\u00bb header_3_line_height=\u00bb1.4em\u00bb locked=\u00bboff\u00bb]<\/p>\n<h3>Agri-insurance<\/h3>\n<p>Learn to adjust claims remotely<\/p>\n<p>[\/et_pb_text][\/et_pb_column][\/et_pb_row][et_pb_row column_structure=\u00bb1_2,1_2&#8243; _builder_version=\u00bb4.7.4&#8243; animation_style=\u00bbzoom\u00bb animation_intensity_zoom=\u00bb10%\u00bb][et_pb_column type=\u00bb1_2&#8243; _builder_version=\u00bb4.7.4&#8243; custom_padding=\u00bb|||\u00bb link_option_url=\u00bbhttps:\/\/app.livestorm.co\/luxelare\/decisiones-basadas-en-sig?utm_source=Luxelare+page\u00bb link_option_url_new_window=\u00bbon\u00bb custom_padding__hover=\u00bb|||\u00bb][et_pb_image src=\u00bbhttps:\/\/luxelare.com\/wp-content\/uploads\/2020\/12\/1.png\u00bb alt=\u00bbCurso SIG\u00bb title_text=\u00bbCurso SIG\u00bb _builder_version=\u00bb4.7.4&#8243; _module_preset=\u00bbdefault\u00bb][\/et_pb_image][et_pb_text _builder_version=\u00bb4.7.4&#8243; text_font=\u00bbMontserrat||||||||\u00bb text_text_color=\u00bb#7e7f93&#8243; text_font_size=\u00bb18px\u00bb header_font=\u00bbMontserrat|700|||||||\u00bb header_text_color=\u00bb#077841&#8243; header_3_font=\u00bbMontserrat|700|||||||\u00bb header_3_text_color=\u00bb#077841&#8243; header_3_font_size=\u00bb24px\u00bb header_3_line_height=\u00bb1.4em\u00bb locked=\u00bboff\u00bb]<\/p>\n<h3>Decisiones Basadas en SIG<\/h3>\n<p>Concluded | No new dates<\/p>\n<p>[\/et_pb_text][\/et_pb_column][et_pb_column type=\u00bb1_2&#8243; _builder_version=\u00bb4.7.4&#8243; custom_padding=\u00bb|||\u00bb link_option_url=\u00bbhttps:\/\/app.livestorm.co\/luxelare\/nuevas-perspectivas-para-el-seguro-agricola?utm_source=Luxelare+page\u00bb link_option_url_new_window=\u00bbon\u00bb custom_padding__hover=\u00bb|||\u00bb][et_pb_image src=\u00bbhttps:\/\/luxelare.com\/wp-content\/uploads\/2020\/12\/2.png\u00bb alt=\u00bbWebinar (Agroseguros)\u00bb title_text=\u00bbWebinar (Agroseguros)\u00bb _builder_version=\u00bb4.7.4&#8243; _module_preset=\u00bbdefault\u00bb][\/et_pb_image][et_pb_text _builder_version=\u00bb4.7.4&#8243; text_font=\u00bbMontserrat||||||||\u00bb text_text_color=\u00bb#7e7f93&#8243; text_font_size=\u00bb18px\u00bb header_font=\u00bbMontserrat|700|||||||\u00bb header_text_color=\u00bb#077841&#8243; header_3_font=\u00bbMontserrat|700|||||||\u00bb header_3_text_color=\u00bb#077841&#8243; header_3_font_size=\u00bb24px\u00bb header_3_line_height=\u00bb1.4em\u00bb locked=\u00bboff\u00bb]<\/p>\n<h3>Nuevas Perspectivas Para el Seguro Agr\u00edcola<\/h3>\n<p>On hold | New dates soon<\/p>\n<p>[\/et_pb_text][\/et_pb_column][\/et_pb_row][et_pb_row column_structure=\u00bb1_2,1_2&#8243; _builder_version=\u00bb4.7.4&#8243; custom_padding=\u00bb27px|0px|27px|0px\u00bb animation_style=\u00bbzoom\u00bb animation_intensity_zoom=\u00bb10%\u00bb][et_pb_column type=\u00bb1_2&#8243; _builder_version=\u00bb4.7.4&#8243; custom_padding=\u00bb|||\u00bb link_option_url=\u00bbhttps:\/\/app.livestorm.co\/luxelare\/agarrando-vuelo?utm_source=Livestorm+company+page\u00bb link_option_url_new_window=\u00bbon\u00bb custom_padding__hover=\u00bb|||\u00bb][et_pb_image src=\u00bbhttps:\/\/luxelare.com\/wp-content\/uploads\/2020\/12\/3.png\u00bb alt=\u00bbWebinar (Drones)\u00bb title_text=\u00bbWebinar (Drones)\u00bb _builder_version=\u00bb4.7.4&#8243; _module_preset=\u00bbdefault\u00bb][\/et_pb_image][et_pb_text _builder_version=\u00bb4.7.4&#8243; text_font=\u00bbMontserrat||||||||\u00bb text_text_color=\u00bb#7e7f93&#8243; text_font_size=\u00bb18px\u00bb header_font=\u00bbMontserrat|700|||||||\u00bb header_text_color=\u00bb#077841&#8243; header_3_font=\u00bbMontserrat|700|||||||\u00bb header_3_text_color=\u00bb#077841&#8243; header_3_font_size=\u00bb24px\u00bb header_3_line_height=\u00bb1.4em\u00bb locked=\u00bboff\u00bb]<\/p>\n<h3>El Efecto Transformador del Uso de Drones<\/h3>\n<p>On hold | New dates soon<\/p>\n<p>[\/et_pb_text][\/et_pb_column][et_pb_column type=\u00bb1_2&#8243; _builder_version=\u00bb3.25&#8243; custom_padding=\u00bb|||\u00bb custom_padding__hover=\u00bb|||\u00bb][et_pb_image src=\u00bbhttps:\/\/luxelare.com\/wp-content\/uploads\/2020\/12\/4.png\u00bb alt=\u00bbWebinar (Arable)\u00bb title_text=\u00bbWebinar (Arable)\u00bb _builder_version=\u00bb4.7.4&#8243; _module_preset=\u00bbdefault\u00bb][\/et_pb_image][et_pb_text _builder_version=\u00bb4.7.4&#8243; text_font=\u00bbMontserrat||||||||\u00bb text_text_color=\u00bb#7e7f93&#8243; text_font_size=\u00bb18px\u00bb header_font=\u00bbMontserrat|700|||||||\u00bb header_text_color=\u00bb#077841&#8243; header_3_font=\u00bbMontserrat|700|||||||\u00bb header_3_text_color=\u00bb#077841&#8243; header_3_font_size=\u00bb24px\u00bb header_3_line_height=\u00bb1.4em\u00bb locked=\u00bboff\u00bb]<\/p>\n<h3>Agricultura de precisi\u00f3n: Caso de estudio para cultivo de papa<\/h3>\n<p>Soon<\/p>\n<p>[\/et_pb_text][\/et_pb_column][\/et_pb_row][\/et_pb_section][et_pb_section fb_built=\u00bb1&#8243; _builder_version=\u00bb4.7.4&#8243; background_color=\u00bb#4baf5b\u00bb custom_padding=\u00bb100px|0px|100px|0px\u00bb][et_pb_row _builder_version=\u00bb3.25&#8243;][et_pb_column type=\u00bb4_4&#8243; _builder_version=\u00bb3.25&#8243; custom_padding=\u00bb|||\u00bb custom_padding__hover=\u00bb|||\u00bb][et_pb_signup mailchimp_list=\u00bbAcademia Luxelare|10f1fe6cf5&#8243; first_name_field=\u00bboff\u00bb last_name_field=\u00bboff\u00bb title=\u00bbEnt\u00e9rate de las novedades\u00bb description=\u00bb<\/p>\n<p>Subscribe to get the best training on sustainable agriculture and the use of technologies in agriculture.<\/p>\n<p>\u00bb admin_label=\u00bbCorreo Electr\u00f3nico Optin\u00bb _builder_version=\u00bb4.7.4&#8243; form_field_background_color=\u00bb#ffffff\u00bb form_field_text_color=\u00bb#666666&#8243; form_field_focus_background_color=\u00bb#ffffff\u00bb form_field_focus_text_color=\u00bb#ffffff\u00bb header_font=\u00bbMerriweather|700|||||||\u00bb header_text_color=\u00bb#ffffff\u00bb header_font_size=\u00bb40px\u00bb header_line_height=\u00bb1.3em\u00bb body_font=\u00bbMontserrat||||||||\u00bb body_text_color=\u00bb#ffffff\u00bb body_font_size=\u00bb18px\u00bb body_line_height=\u00bb1.8em\u00bb result_message_font=\u00bb||||||||\u00bb result_message_text_color=\u00bb#717baf\u00bb use_background_color=\u00bboff\u00bb custom_button=\u00bbon\u00bb button_text_size=\u00bb14px\u00bb button_text_color=\u00bb#ffffff\u00bb button_bg_color=\u00bb#0B1E36&#8243; button_border_width=\u00bb8px\u00bb button_border_color=\u00bb#0B1E36&#8243; button_border_radius=\u00bb0px\u00bb button_letter_spacing=\u00bb1px\u00bb button_font=\u00bb|700||on|||||\u00bb button_icon=\u00bb%%3%%\u00bb button_on_hover=\u00bboff\u00bb background_layout=\u00bblight\u00bb border_radii_fields=\u00bbon||||\u00bb button_letter_spacing_hover=\u00bb1px\u00bb focus_background_color=\u00bb#ffffff\u00bb focus_text_color=\u00bb#ffffff\u00bb button_text_size__hover_enabled=\u00bboff\u00bb button_one_text_size__hover_enabled=\u00bboff\u00bb button_two_text_size__hover_enabled=\u00bboff\u00bb button_text_color__hover_enabled=\u00bboff\u00bb button_one_text_color__hover_enabled=\u00bboff\u00bb button_two_text_color__hover_enabled=\u00bboff\u00bb button_border_width__hover_enabled=\u00bboff\u00bb button_one_border_width__hover_enabled=\u00bboff\u00bb button_two_border_width__hover_enabled=\u00bboff\u00bb button_border_color__hover_enabled=\u00bboff\u00bb button_one_border_color__hover_enabled=\u00bboff\u00bb button_two_border_color__hover_enabled=\u00bboff\u00bb button_border_radius__hover_enabled=\u00bboff\u00bb button_one_border_radius__hover_enabled=\u00bboff\u00bb button_two_border_radius__hover_enabled=\u00bboff\u00bb button_letter_spacing__hover_enabled=\u00bbon\u00bb button_letter_spacing__hover=\u00bb1px\u00bb button_one_letter_spacing__hover_enabled=\u00bboff\u00bb button_two_letter_spacing__hover_enabled=\u00bboff\u00bb button_bg_color__hover_enabled=\u00bboff\u00bb button_one_bg_color__hover_enabled=\u00bboff\u00bb button_two_bg_color__hover_enabled=\u00bboff\u00bb]Lorem ipsum dolor sit amet, consectetur adipiscing elit. Quisque placerat sapien condimentum imperdiet cursus.<br \/>\n[\/et_pb_signup][\/et_pb_column][\/et_pb_row][\/et_pb_section]<\/p>","protected":false},"excerpt":{"rendered":"<p>APRENDE A EMPLEAR T\u00c9CNICAS AVANZADAS DE AGRONOM\u00cdA Y ENT\u00c9RATE DE LAS INNOVACIONES M\u00c1S recientes &nbsp; Agricultura digital Mejora tu dominio de las tecnolog\u00edas Pr\u00e1cticas Agron\u00f3micas Haz agricultura de precisi\u00f3n utilizando la mejor informaci\u00f3n Seguros Agr\u00edcolas Conecta con profesionales de los seguros y el ajuste remoto Decisiones Basadas en SIG Concluido | Sin nuevas fechas Nuevas [&hellip;]<\/p>","protected":false},"author":2,"featured_media":0,"parent":0,"menu_order":0,"comment_status":"closed","ping_status":"closed","template":"","meta":{"_et_pb_use_builder":"on","_et_pb_old_content":"","_et_gb_content_width":"","_monsterinsights_skip_tracking":false,"_monsterinsights_sitenote_active":false,"_monsterinsights_sitenote_note":"","_monsterinsights_sitenote_category":0},"uagb_featured_image_src":{"full":false,"thumbnail":false,"medium":false,"medium_large":false,"large":false,"1536x1536":false,"2048x2048":false,"trp-custom-language-flag":false,"et-pb-post-main-image":false,"et-pb-post-main-image-fullwidth":false,"et-pb-portfolio-image":false,"et-pb-portfolio-module-image":false,"et-pb-portfolio-image-single":false,"et-pb-gallery-module-image-portrait":false,"et-pb-post-main-image-fullwidth-large":false,"et-pb-image--responsive--desktop":false,"et-pb-image--responsive--tablet":false,"et-pb-image--responsive--phone":false},"uagb_author_info":{"display_name":"Luxelare","author_link":"https:\/\/luxelare.com\/en\/author\/heberto\/"},"uagb_comment_info":0,"uagb_excerpt":"APRENDE A EMPLEAR T\u00c9CNICAS AVANZADAS DE AGRONOM\u00cdA Y ENT\u00c9RATE DE LAS INNOVACIONES M\u00c1S recientes &nbsp; Agricultura digital Mejora tu dominio de las tecnolog\u00edas Pr\u00e1cticas Agron\u00f3micas Haz agricultura de precisi\u00f3n utilizando la mejor informaci\u00f3n Seguros Agr\u00edcolas Conecta con profesionales de los seguros y el ajuste remoto Decisiones Basadas en SIG Concluido | Sin nuevas fechas Nuevas&hellip;","_links":{"self":[{"href":"https:\/\/luxelare.com\/en\/wp-json\/wp\/v2\/pages\/446"}],"collection":[{"href":"https:\/\/luxelare.com\/en\/wp-json\/wp\/v2\/pages"}],"about":[{"href":"https:\/\/luxelare.com\/en\/wp-json\/wp\/v2\/types\/page"}],"author":[{"embeddable":true,"href":"https:\/\/luxelare.com\/en\/wp-json\/wp\/v2\/users\/2"}],"replies":[{"embeddable":true,"href":"https:\/\/luxelare.com\/en\/wp-json\/wp\/v2\/comments?post=446"}],"version-history":[{"count":30,"href":"https:\/\/luxelare.com\/en\/wp-json\/wp\/v2\/pages\/446\/revisions"}],"predecessor-version":[{"id":1228,"href":"https:\/\/luxelare.com\/en\/wp-json\/wp\/v2\/pages\/446\/revisions\/1228"}],"wp:attachment":[{"href":"https:\/\/luxelare.com\/en\/wp-json\/wp\/v2\/media?parent=446"}],"curies":[{"name":"wp","href":"https:\/\/api.w.org\/{rel}","templated":true}]}}